{"id":93,"date":"2020-08-20T21:12:44","date_gmt":"2020-08-20T19:12:44","guid":{"rendered":"https:\/\/wdp.sepmeries.fr\/?page_id=93"},"modified":"2025-02-27T19:14:10","modified_gmt":"2025-02-27T18:14:10","slug":"inscription","status":"publish","type":"page","link":"https:\/\/www.sepmeries.fr\/index.php\/inscription\/","title":{"rendered":"Inscriptions"},"content":{"rendered":"\n<p style=\"text-align: justify;\">Votre enfant entrera pour la premi\u00e8re fois \u00e0 l\u2019\u00e9cole maternelle \u00e0 la rentr\u00e9e de septembre 2025 (pour les enfants n\u00e9s en 2022\/ juin 2023) : avant toute d\u00e9marche vers une \u00e9cole,<strong> il est obligatoire de proc\u00e9der \u00e0 l\u2019inscription en mairie.<\/strong><\/p>\n\n\n\n<h4>Documents \u00e0 fournir<\/h4>\n\n\n\n<p style=\"text-align: justify;\">L\u2019inscription scolaire doit \u00eatre effectu\u00e9e par le parent ou la personne d\u00e9tenant l\u2019autorit\u00e9 parentale qui doit se pr\u00e9senter obligatoirement avec les pi\u00e8ces suivantes :<br \/><br \/>Dossier d\u2019inscription \u00e0 compl\u00e9ter et \u00e0 signer en ligne sur le <a href=\"https:\/\/app.eticket.qiis.fr\/famille\/web.html\"><strong>Portail Famille \u00ab\u00a0E-Ticket\u00a0\u00bb<\/strong><\/a><\/p>\n<p><strong>Code d&rsquo;acc\u00e8s 1\u00e8re connexion \u00e0 demander au secr\u00e9tariat de la Mairie.<\/strong><\/p>\n","protected":false},"excerpt":{"rendered":"<p>Votre enfant entrera pour la premi\u00e8re fois \u00e0 l\u2019\u00e9cole maternelle \u00e0 la rentr\u00e9e de septembre 2025 (pour les enfants n\u00e9s en 2022\/ juin 2023) : avant toute d\u00e9marche vers une [&hellip;]<\/p>\n","protected":false},"author":1,"featured_media":0,"parent":0,"menu_order":0,"comment_status":"closed","ping_status":"closed","template":"","meta":[],"_links":{"self":[{"href":"https:\/\/www.sepmeries.fr\/index.php\/wp-json\/wp\/v2\/pages\/93"}],"collection":[{"href":"https:\/\/www.sepmeries.fr\/index.php\/wp-json\/wp\/v2\/pages"}],"about":[{"href":"https:\/\/www.sepmeries.fr\/index.php\/wp-json\/wp\/v2\/types\/page"}],"author":[{"embeddable":true,"href":"https:\/\/www.sepmeries.fr\/index.php\/wp-json\/wp\/v2\/users\/1"}],"replies":[{"embeddable":true,"href":"https:\/\/www.sepmeries.fr\/index.php\/wp-json\/wp\/v2\/comments?post=93"}],"version-history":[{"count":24,"href":"https:\/\/www.sepmeries.fr\/index.php\/wp-json\/wp\/v2\/pages\/93\/revisions"}],"predecessor-version":[{"id":4847,"href":"https:\/\/www.sepmeries.fr\/index.php\/wp-json\/wp\/v2\/pages\/93\/revisions\/4847"}],"wp:attachment":[{"href":"https:\/\/www.sepmeries.fr\/index.php\/wp-json\/wp\/v2\/media?parent=93"}],"curies":[{"name":"wp","href":"https:\/\/api.w.org\/{rel}","templated":true}]}}