{"id":86,"date":"2020-08-20T21:11:01","date_gmt":"2020-08-20T19:11:01","guid":{"rendered":"https:\/\/wdp.sepmeries.fr\/?page_id=86"},"modified":"2025-07-14T21:48:32","modified_gmt":"2025-07-14T19:48:32","slug":"cantine-garderie","status":"publish","type":"page","link":"https:\/\/www.sepmeries.fr\/index.php\/cantine-garderie\/","title":{"rendered":"Cantine &#038; Garderie"},"content":{"rendered":"\n<h4><u><span style=\"text-decoration: underline;\"><\/span><\/u>Tarif et Horaires de la Garderie<\/h4>\n\n\n\n<p>(lundi &#8211; mardi &#8211; jeudi et vendredi)<\/p>\n\n\n\n<ul>\n<li>Garderie du matin de 7h30 \u00e0 8h30 : 1 \u20ac<\/li>\n\n\n\n<li>Garderie du soir de 16h15 \u00e0 18h00 : 1 \u20ac <\/li>\n\n\n\n<li>Tout d\u00e9passement sera factur\u00e9 : 8 \u20ac<\/li>\n<\/ul>\n\n\n\n<p style=\"text-align: justify;\">Si vous avez un emp\u00eachement exceptionnel pour reprendre votre enfant \u00e0 l\u2019heure, merci de pr\u00e9venir la garderie au <strong>03-27-28-79-98<\/strong>.<\/p>\n\n\n\n<p style=\"text-align: justify;\">Nous vous demandons toutefois de pr\u00e9voir une personne (dont vous nous communiquerez le nom) pouvant reprendre votre enfant \u00e0 18 heures. <strong><em><u>Nous ne pourrons plus assurer sa garde apr\u00e8s cet horaire.<\/u><\/em><\/strong><\/p>\n\n\n\n<h4><u><span style=\"text-decoration: underline;\"><\/span><\/u>Tarif de la Cantine<\/h4>\n\n\n\n<ul>\n<li>Le repas :  4.25 \u20ac (\u00e0 partir du 09\/2025) <\/li>\n<\/ul>\n\n\n\n<p style=\"text-align: justify;\"><strong>Le paiement des repas de cantine et de la garderie<\/strong> : se fera au Tr\u00e9sor Public de Le Quesnoy ou sur le <span style=\"text-decoration: underline;\"><strong>Portail Famille<\/strong><\/span> par CB<\/p>\n\n\n\n<p style=\"text-align: justify;\">Les personnes de Sepmeries rencontrant des difficult\u00e9s financi\u00e8res peuvent prendre contact avec le Commission Sociale (Mairie de Sepmeries) pour une aide \u00e9ventuelle.<\/p>\n\n\n\n<h4><strong>Menus de la Cantine<\/strong><\/h4>\n\n\n\n<div class=\"is-horizontal is-content-justification-center is-layout-flex wp-container-1 wp-block-buttons\">\n<div class=\"wp-block-button is-style-outline\"><a class=\"wp-block-button__link has-vivid-cyan-blue-color has-text-color wp-element-button\" style=\"border-radius:2px\"><strong>Menus Cantine SEPMERIES<\/strong><\/a><\/div>\n\n\n\n<div class=\"wp-block-button\"><a class=\"wp-block-button__link has-vivid-cyan-blue-background-color has-background wp-element-button\" href=\"https:\/\/www.c-est-pret.com\/scolaire\/accueil\/%7B4cd20c52-0735-4271-8325-f00507e7e69f%7D\" style=\"border-radius:2px\" target=\"_blank\" rel=\"noreferrer noopener\">T\u00e9l\u00e9charger maintenant<\/a><\/div>\n<\/div>\n\n\n\n<div class=\"is-layout-flow wp-block-group\"><div class=\"wp-block-group__inner-container\">\n<h4>Loi EGALIM &#8211; Mesures pour la restauration<\/h4>\n\n\n\n<div class=\"wp-block-file\"><a id=\"wp-block-file--media-2f90c00d-efe7-4154-99c1-aa9c35d34fd2\" href=\"https:\/\/www.sepmeries.fr\/wp-content\/uploads\/2021\/11\/Loi-Egalim.pdf\">Loi-Egalim<\/a><a href=\"https:\/\/www.sepmeries.fr\/wp-content\/uploads\/2021\/11\/Loi-Egalim.pdf\" class=\"wp-block-file__button wp-element-button\" download aria-describedby=\"wp-block-file--media-2f90c00d-efe7-4154-99c1-aa9c35d34fd2\">T\u00e9l\u00e9charger<\/a><\/div>\n<\/div><\/div>\n","protected":false},"excerpt":{"rendered":"<p>Tarif et Horaires de la Garderie (lundi &#8211; mardi &#8211; jeudi et vendredi) Si vous avez un emp\u00eachement exceptionnel pour reprendre votre enfant \u00e0 l\u2019heure, merci de pr\u00e9venir la garderie [&hellip;]<\/p>\n","protected":false},"author":1,"featured_media":0,"parent":0,"menu_order":0,"comment_status":"closed","ping_status":"closed","template":"","meta":[],"_links":{"self":[{"href":"https:\/\/www.sepmeries.fr\/index.php\/wp-json\/wp\/v2\/pages\/86"}],"collection":[{"href":"https:\/\/www.sepmeries.fr\/index.php\/wp-json\/wp\/v2\/pages"}],"about":[{"href":"https:\/\/www.sepmeries.fr\/index.php\/wp-json\/wp\/v2\/types\/page"}],"author":[{"embeddable":true,"href":"https:\/\/www.sepmeries.fr\/index.php\/wp-json\/wp\/v2\/users\/1"}],"replies":[{"embeddable":true,"href":"https:\/\/www.sepmeries.fr\/index.php\/wp-json\/wp\/v2\/comments?post=86"}],"version-history":[{"count":36,"href":"https:\/\/www.sepmeries.fr\/index.php\/wp-json\/wp\/v2\/pages\/86\/revisions"}],"predecessor-version":[{"id":5132,"href":"https:\/\/www.sepmeries.fr\/index.php\/wp-json\/wp\/v2\/pages\/86\/revisions\/5132"}],"wp:attachment":[{"href":"https:\/\/www.sepmeries.fr\/index.php\/wp-json\/wp\/v2\/media?parent=86"}],"curies":[{"name":"wp","href":"https:\/\/api.w.org\/{rel}","templated":true}]}}