{"id":712,"date":"2020-11-28T21:27:30","date_gmt":"2020-11-28T20:27:30","guid":{"rendered":"https:\/\/wdp.sepmeries.fr\/?page_id=712"},"modified":"2021-01-18T18:49:47","modified_gmt":"2021-01-18T17:49:47","slug":"reconnaissance-dun-enfant-couple-non-marie","status":"publish","type":"page","link":"https:\/\/www.sepmeries.fr\/index.php\/reconnaissance-dun-enfant-couple-non-marie\/","title":{"rendered":"Reconnaissance d&rsquo;un Enfant (couple non mari\u00e9)"},"content":{"rendered":"\n<p style=\"text-align: justify;\">La filiation d&rsquo;un enfant au sein d&rsquo;un couple non mari\u00e9 ne s&rsquo;\u00e9tablit pas automatiquement. Elle se fait diff\u00e9remment \u00e0 l&rsquo;\u00e9gard du p\u00e8re et de la m\u00e8re. Lorsque le nom de la m\u00e8re figure sur l&rsquo;acte de naissance, le lien de filiation maternelle est \u00e9tabli. En revanche, avant ou apr\u00e8s la naissance de l&rsquo;enfant, le p\u00e8re doit obligatoirement faire une reconnaissance de paternit\u00e9.<\/p>\n<p>Acc\u00e9der aux services en ligne et formulaire de \u00ab&nbsp;Mon Service Public&nbsp;\u00bb<\/p>\n<ul>\n<li><a href=\"https:\/\/www.service-public.fr\/particuliers\/vosdroits\/F887\" target=\"_blank\" rel=\"noreferrer noopener\">Demande de reconnaissance : Enfant [T\u00e9l\u00e9service]<\/a>&nbsp;<\/li>\n<\/ul>\n<p><strong>Le service \u00e9tat-civil vous accueille :<\/strong><\/p>\n<p>Du Lundi au Vendredi de 9h00 \u2013 12h00<\/p>\n\n\n\n<p><\/p>\n","protected":false},"excerpt":{"rendered":"<p>La filiation d&rsquo;un enfant au sein d&rsquo;un couple non mari\u00e9 ne s&rsquo;\u00e9tablit pas automatiquement. Elle se fait diff\u00e9remment \u00e0 l&rsquo;\u00e9gard du p\u00e8re et de la m\u00e8re. Lorsque le nom de [&hellip;]<\/p>\n","protected":false},"author":1,"featured_media":0,"parent":0,"menu_order":0,"comment_status":"closed","ping_status":"closed","template":"","meta":[],"_links":{"self":[{"href":"https:\/\/www.sepmeries.fr\/index.php\/wp-json\/wp\/v2\/pages\/712"}],"collection":[{"href":"https:\/\/www.sepmeries.fr\/index.php\/wp-json\/wp\/v2\/pages"}],"about":[{"href":"https:\/\/www.sepmeries.fr\/index.php\/wp-json\/wp\/v2\/types\/page"}],"author":[{"embeddable":true,"href":"https:\/\/www.sepmeries.fr\/index.php\/wp-json\/wp\/v2\/users\/1"}],"replies":[{"embeddable":true,"href":"https:\/\/www.sepmeries.fr\/index.php\/wp-json\/wp\/v2\/comments?post=712"}],"version-history":[{"count":5,"href":"https:\/\/www.sepmeries.fr\/index.php\/wp-json\/wp\/v2\/pages\/712\/revisions"}],"predecessor-version":[{"id":995,"href":"https:\/\/www.sepmeries.fr\/index.php\/wp-json\/wp\/v2\/pages\/712\/revisions\/995"}],"wp:attachment":[{"href":"https:\/\/www.sepmeries.fr\/index.php\/wp-json\/wp\/v2\/media?parent=712"}],"curies":[{"name":"wp","href":"https:\/\/api.w.org\/{rel}","templated":true}]}}