{"id":708,"date":"2020-11-28T21:22:57","date_gmt":"2020-11-28T20:22:57","guid":{"rendered":"https:\/\/wdp.sepmeries.fr\/?page_id=708"},"modified":"2021-01-25T21:19:08","modified_gmt":"2021-01-25T20:19:08","slug":"numeros-durgence","status":"publish","type":"page","link":"https:\/\/www.sepmeries.fr\/index.php\/numeros-durgence\/","title":{"rendered":"Num\u00e9ros d&rsquo;Urgence"},"content":{"rendered":"\n<p style=\"text-align: justify;\">Pour les urgences\u00a0(danger imm\u00e9diat)<\/p>\n\n\n\n<ul><li><strong>SAMU<\/strong> &#8211; le <strong>15<\/strong><\/li><li><strong>POLICE SECOURS<\/strong> &#8211; le\u00a0<strong>17<\/strong>\u00a0(France) ou le\u00a0<strong>112<\/strong>\u00a0(valable dans toute l\u2019Union europ\u00e9enne)<\/li><li><strong>SAPEURS-POMPIERS<\/strong> &#8211; le <strong>18<\/strong><\/li><li><strong>PERSONNES SOURDES ET MALENTENDANTES<\/strong> &#8211; le\u00a0<strong>114 <\/strong>pour les personnes victimes ou t\u00e9moins d\u2019une situation d\u2019urgence souhaitant solliciter l\u2019intervention des services de secours,\u00a0<\/li><\/ul>\n\n\n\n<p><strong>Violence Femmes Info<\/strong><\/p>\n\n\n\n<div class=\"wp-block-media-text alignwide is-stacked-on-mobile is-vertically-aligned-center\" style=\"grid-template-columns:15% auto\"><figure class=\"wp-block-media-text__media\"><img decoding=\"async\" loading=\"lazy\" width=\"108\" height=\"79\" src=\"https:\/\/wdp.sepmeries.fr\/wp-content\/uploads\/2020\/11\/Image1.png\" alt=\"\" class=\"wp-image-742 size-full\"\/><\/figure><div class=\"wp-block-media-text__content\">\n<p class=\"has-large-font-size\" style=\"text-align: justify;\"><span style=\"font-size: 12pt;\">Le&nbsp;3919&nbsp;Violence Femmes Info est un num\u00e9ro national qui informe et oriente vers des dispositifs d&rsquo;accompagnement et de prise en charge. Les grandes associations nationales luttant contre les violences faites aux femmes assurent ce service.<\/span><\/p>\n<\/div><\/div>\n\n\n\n<p><strong>Enfants en Danger<br><\/strong><\/p>\n<p>Le mieux, c&rsquo;est dans parler : Appeler le <span style=\"font-size: 24pt;\"><strong>119<\/strong><\/span><\/p>\n<p><a href=\"https:\/\/www.allo119.gouv.fr\/\" target=\"_blank\" rel=\"noopener\">https:\/\/www.allo119.gouv.fr\/<\/a><\/p>\n\n\n\n<p><strong>Pour signaler des violences en ligne<\/strong>&nbsp;<\/p>\n\n\n\n<div class=\"wp-block-media-text alignwide is-stacked-on-mobile\" style=\"grid-template-columns:15% auto\"><figure class=\"wp-block-media-text__media\"><img decoding=\"async\" loading=\"lazy\" width=\"110\" height=\"81\" src=\"https:\/\/wdp.sepmeries.fr\/wp-content\/uploads\/2020\/11\/Image2.png\" alt=\"\" class=\"wp-image-744 size-full\"\/><\/figure><div class=\"wp-block-media-text__content\">\n<p class=\"has-large-font-size\" style=\"text-align: justify;\"><span style=\"font-size: 12pt;\">Sur le site arretonslesviolences.gouv.fr vous pourrez entrer directement en contact, par \u00e9crit, avec un policier ou un gendarme sp\u00e9cialement form\u00e9s afin de dialoguer, b\u00e9n\u00e9ficier de conseils et signaler des faits dont vous \u00eates victime ou t\u00e9moin.<\/span><\/p>\n<\/div><\/div>\n\n\n\n<p><\/p>\n","protected":false},"excerpt":{"rendered":"<p>Pour les urgences\u00a0(danger imm\u00e9diat) SAMU &#8211; le 15 POLICE SECOURS &#8211; le\u00a017\u00a0(France) ou le\u00a0112\u00a0(valable dans toute l\u2019Union europ\u00e9enne) SAPEURS-POMPIERS &#8211; le 18 PERSONNES SOURDES ET MALENTENDANTES &#8211; le\u00a0114 pour les [&hellip;]<\/p>\n","protected":false},"author":1,"featured_media":0,"parent":0,"menu_order":0,"comment_status":"closed","ping_status":"closed","template":"","meta":[],"_links":{"self":[{"href":"https:\/\/www.sepmeries.fr\/index.php\/wp-json\/wp\/v2\/pages\/708"}],"collection":[{"href":"https:\/\/www.sepmeries.fr\/index.php\/wp-json\/wp\/v2\/pages"}],"about":[{"href":"https:\/\/www.sepmeries.fr\/index.php\/wp-json\/wp\/v2\/types\/page"}],"author":[{"embeddable":true,"href":"https:\/\/www.sepmeries.fr\/index.php\/wp-json\/wp\/v2\/users\/1"}],"replies":[{"embeddable":true,"href":"https:\/\/www.sepmeries.fr\/index.php\/wp-json\/wp\/v2\/comments?post=708"}],"version-history":[{"count":17,"href":"https:\/\/www.sepmeries.fr\/index.php\/wp-json\/wp\/v2\/pages\/708\/revisions"}],"predecessor-version":[{"id":1112,"href":"https:\/\/www.sepmeries.fr\/index.php\/wp-json\/wp\/v2\/pages\/708\/revisions\/1112"}],"wp:attachment":[{"href":"https:\/\/www.sepmeries.fr\/index.php\/wp-json\/wp\/v2\/media?parent=708"}],"curies":[{"name":"wp","href":"https:\/\/api.w.org\/{rel}","templated":true}]}}