{"id":697,"date":"2020-11-28T21:00:08","date_gmt":"2020-11-28T20:00:08","guid":{"rendered":"https:\/\/wdp.sepmeries.fr\/?page_id=697"},"modified":"2023-09-23T15:53:45","modified_gmt":"2023-09-23T13:53:45","slug":"qualite-de-leau","status":"publish","type":"page","link":"https:\/\/www.sepmeries.fr\/index.php\/qualite-de-leau\/","title":{"rendered":"Qualit\u00e9 de l&rsquo;Eau"},"content":{"rendered":"\n<div class=\"wp-block-file\"><a id=\"wp-block-file--media-283bb9df-dd34-4163-a999-1e133de35175\" href=\"https:\/\/www.sepmeries.fr\/wp-content\/uploads\/2022\/05\/NOREADE_Qualite-sanitaire-des-eaux-destinees-a-la-consommation-humaine.pdf\">NOREADE_Qualit\u00e9-sanitaire-des-eaux-destin\u00e9es-\u00e0-la-consommation-humaine<\/a><a href=\"https:\/\/www.sepmeries.fr\/wp-content\/uploads\/2022\/05\/NOREADE_Qualite-sanitaire-des-eaux-destinees-a-la-consommation-humaine.pdf\" class=\"wp-block-file__button wp-element-button\" download aria-describedby=\"wp-block-file--media-283bb9df-dd34-4163-a999-1e133de35175\">T\u00e9l\u00e9charger<\/a><\/div>\n\n\n\n<div class=\"wp-block-file\"><a id=\"wp-block-file--media-5626144a-ea2d-4209-af08-2c1142acfc0a\" href=\"https:\/\/www.sepmeries.fr\/wp-content\/uploads\/2023\/09\/Qualite-de-leau-du-reseau-public-Bilan-2021.pdf\">Qualite-de-l&rsquo;eau-du-r\u00e9seau-public-Bilan-2021<\/a><a href=\"https:\/\/www.sepmeries.fr\/wp-content\/uploads\/2023\/09\/Qualite-de-leau-du-reseau-public-Bilan-2021.pdf\" class=\"wp-block-file__button wp-element-button\" download aria-describedby=\"wp-block-file--media-5626144a-ea2d-4209-af08-2c1142acfc0a\">T\u00e9l\u00e9charger<\/a><\/div>\n\n\n\n<div class=\"wp-block-file\"><a id=\"wp-block-file--media-7f575be4-44cc-4bea-9865-569500ac7d45\" href=\"https:\/\/www.sepmeries.fr\/wp-content\/uploads\/2022\/03\/Qualite-de-leau-du-reseau-public-Bilan-2020.pdf\" target=\"_blank\" rel=\"noreferrer noopener\">Qualite-de-l&rsquo;eau-du-r\u00e9seau-public-Bilan-2020<\/a><a href=\"https:\/\/www.sepmeries.fr\/wp-content\/uploads\/2022\/03\/Qualite-de-leau-du-reseau-public-Bilan-2020.pdf\" class=\"wp-block-file__button wp-element-button\" download aria-describedby=\"wp-block-file--media-7f575be4-44cc-4bea-9865-569500ac7d45\">T\u00e9l\u00e9charger<\/a><\/div>\n\n\n\n<div class=\"wp-block-file\"><a id=\"wp-block-file--media-d1efcc0e-2de3-4920-bd87-66a97e55223c\" href=\"https:\/\/wdp.sepmeries.fr\/wp-content\/uploads\/2020\/12\/Qualite-de-leau-du-reseau-public-Bilan-2019.pdf\">Qualite-de-l&rsquo;eau-du-r\u00e9seau-public-Bilan-2019<\/a><a href=\"https:\/\/wdp.sepmeries.fr\/wp-content\/uploads\/2020\/12\/Qualite-de-leau-du-reseau-public-Bilan-2019.pdf\" class=\"wp-block-file__button wp-element-button\" download aria-describedby=\"wp-block-file--media-d1efcc0e-2de3-4920-bd87-66a97e55223c\">T\u00e9l\u00e9charger<\/a><\/div>\n\n\n\n<p><\/p>\n","protected":false},"excerpt":{"rendered":"","protected":false},"author":1,"featured_media":0,"parent":0,"menu_order":0,"comment_status":"closed","ping_status":"closed","template":"","meta":[],"_links":{"self":[{"href":"https:\/\/www.sepmeries.fr\/index.php\/wp-json\/wp\/v2\/pages\/697"}],"collection":[{"href":"https:\/\/www.sepmeries.fr\/index.php\/wp-json\/wp\/v2\/pages"}],"about":[{"href":"https:\/\/www.sepmeries.fr\/index.php\/wp-json\/wp\/v2\/types\/page"}],"author":[{"embeddable":true,"href":"https:\/\/www.sepmeries.fr\/index.php\/wp-json\/wp\/v2\/users\/1"}],"replies":[{"embeddable":true,"href":"https:\/\/www.sepmeries.fr\/index.php\/wp-json\/wp\/v2\/comments?post=697"}],"version-history":[{"count":9,"href":"https:\/\/www.sepmeries.fr\/index.php\/wp-json\/wp\/v2\/pages\/697\/revisions"}],"predecessor-version":[{"id":3510,"href":"https:\/\/www.sepmeries.fr\/index.php\/wp-json\/wp\/v2\/pages\/697\/revisions\/3510"}],"wp:attachment":[{"href":"https:\/\/www.sepmeries.fr\/index.php\/wp-json\/wp\/v2\/media?parent=697"}],"curies":[{"name":"wp","href":"https:\/\/api.w.org\/{rel}","templated":true}]}}