{"id":56,"date":"2020-08-12T23:39:30","date_gmt":"2020-08-12T21:39:30","guid":{"rendered":"https:\/\/wdp.sepmeries.fr\/?page_id=56"},"modified":"2025-11-29T17:30:11","modified_gmt":"2025-11-29T16:30:11","slug":"services","status":"publish","type":"page","link":"https:\/\/www.sepmeries.fr\/index.php\/services\/","title":{"rendered":"Tarifs des Services Municipaux"},"content":{"rendered":"\n<h4 class=\"has-text-align-center\"><u><span style=\"text-decoration: underline;\"><\/span><\/u><span style=\"color:#0a06e5\" class=\"has-inline-color\">Location de la Salle des F\u00eates<\/span><\/h4>\n\n\n\n<h4 class=\"has-text-align-center has-vivid-red-color has-text-color\"><u><span style=\"text-decoration: underline;\"><\/u>Vendredi 13h00 au Lundi 09h00<span style=\"color:#0a06e5\" class=\"has-inline-color\"><\/h4>\n\n\n\n<p class=\"has-text-align-center\"><strong>(hors week-ends prolong\u00e9s par jours f\u00e9ri\u00e9s)<\/strong><\/p>\n\n\n\n<ul>\n<li>Dimensions de la salle 8m x 20m<\/li>\n\n\n\n<li>R\u00e9ception jusqu\u2019\u00e0 100 personnes assises<\/li>\n\n\n\n<li>Bar (lave-vaisselle, \u00e9vier, r\u00e9frig\u00e9rateur)<\/li>\n\n\n\n<li>Cuisine \u00e0 disposition (four 10 niveaux, lave-vaisselle, chauffe-plats 10 niveaux, r\u00e9frig\u00e9rateur, micro-ondes)<\/li>\n\n\n\n<li>Parking \u00e0 c\u00f4t\u00e9 de la salle<\/li>\n\n\n\n<li>Vaisselle \u00e0 disposition<\/li>\n<\/ul>\n\n\n\n<h5 class=\"has-text-color\" style=\"color:#1806cc\"><span style=\"color:#0a06e5\" class=\"has-inline-color\"><strong>Tarifs standards (hors week-ends prolong\u00e9s par jours f\u00e9ri\u00e9s)<\/strong><\/span><\/h5>\n\n\n\n<p><strong>Habitants de Sepmeries :<\/strong><\/p>\n\n\n\n<p>2 jours (repas ou autres) : <strong>550 \u20ac<\/strong><\/p>\n\n\n\n<p>Courte dur\u00e9e (cocktail, r\u00e9ception \u2013 4h00) &#8211; hors soir\u00e9e : <strong>250 \u20ac<\/strong><\/p>\n\n\n\n<p><strong>Non-habitants :<\/strong><\/p>\n\n\n\n<p>2 jours (repas ou autres) : <strong>700 \u20ac<\/strong><\/p>\n\n\n\n<p><strong>Location \u00e0 caract\u00e8re commercial :<\/strong><\/p>\n\n\n\n<p>1 journ\u00e9e : <strong>500 \u20ac<\/strong><\/p>\n\n\n\n<p>2 jours : <strong>850 \u20ac<\/strong><\/p>\n\n\n\n<p><strong>P\u00e9nalit\u00e9s :<\/strong><\/p>\n\n\n\n<p>Tri des poubelles non fait : <strong>200 \u20ac<\/strong><\/p>\n\n\n\n<p>Salle non balay\u00e9e et rang\u00e9e (poubelles vid\u00e9es, chaises et tables rassembl\u00e9es, sanitaires\/bar\/cuisine nettoy\u00e9s, etc.) : <strong>250 \u20ac<\/strong><\/p>\n\n\n\n<p><strong>Mat\u00e9riel \u00e9lectrique ext\u00e9rieur<\/strong> (ch\u00e2teau gonflable, moteur m\u00e9choui, camion frigorifique, etc..)<strong>&nbsp;: 25 \u20ac<\/strong><\/p>\n\n\n\n<h5><span style=\"color:#0a06e5\" class=\"has-inline-color\">Location \u00e0 caract\u00e8re commercial<\/span><\/h5>\n\n\n\n<ul>\n<li>Location de la salle pour 1 journ\u00e9e = <strong>500 \u20ac<\/strong><\/li>\n\n\n\n<li>Location de la salle pour 2 jours = <strong>850 \u20ac<\/strong><\/li>\n<\/ul>\n\n\n\n<ul>\n<li>Tri des poubelles non fait : refus d&rsquo;enl\u00e8vement par les ambassadrices du tri s\u00e9lectif = <strong>200 \u20ac<\/strong><\/li>\n<\/ul>\n\n\n\n<ul>\n<li>Salle non balay\u00e9e et non rang\u00e9e = <strong>250 \u20ac<\/strong><\/li>\n<\/ul>\n\n\n\n<h4 class=\"has-text-align-center\"><u><span style=\"text-decoration: underline;\"><\/span><\/u><span style=\"color:#0a06e5\" class=\"has-inline-color\">Location de mat\u00e9riels<\/span><\/h4>\n\n\n\n<ul>\n<li>Table : 2 \u20ac<\/li>\n\n\n\n<li>Banc : 1 \u20ac<\/li>\n\n\n\n<li>Chaise : 0,50 \u20ac<\/li>\n\n\n\n<li>Plateau + tr\u00e9teaux : 2 \u20ac<\/li>\n<\/ul>\n\n\n\n<h4 style=\"text-align: justify;\"><strong>Information importante concernant les tarifs<\/strong><\/h4>\n<p style=\"text-align: justify;\">Les tarifs indiqu\u00e9s sur ce site sont fournis <strong>\u00e0 titre purement indicatif<\/strong> et peuvent \u00eatre sujets \u00e0 modification.<br \/>Pour toute r\u00e9servation, <strong>seul le r\u00e8glement int\u00e9rieur de la salle des f\u00eates, valid\u00e9 par la commune, fait foi<\/strong> en mati\u00e8re de conditions d\u2019utilisation, de tarifs applicables et de modalit\u00e9s particuli\u00e8res.<\/p>\n<p style=\"text-align: justify;\">Nous vous invitons \u00e0 consulter attentivement le r\u00e8glement int\u00e9rieur avant toute confirmation de location.<br \/>En cas de divergence entre les informations affich\u00e9es en ligne et le r\u00e8glement officiel, <strong>ce dernier pr\u00e9vaut sans exception<\/strong>.<\/p>\n<p style=\"text-align: justify;\">Pour obtenir le r\u00e8glement int\u00e9rieur complet ou toute pr\u00e9cision, veuillez contacter la mairie.<\/p>\n","protected":false},"excerpt":{"rendered":"<p>Location de la Salle des F\u00eates Vendredi 13h00 au Lundi 09h00 (hors week-ends prolong\u00e9s par jours f\u00e9ri\u00e9s) Tarifs standards (hors week-ends prolong\u00e9s par jours f\u00e9ri\u00e9s) Habitants de Sepmeries : 2 [&hellip;]<\/p>\n","protected":false},"author":1,"featured_media":0,"parent":0,"menu_order":0,"comment_status":"closed","ping_status":"closed","template":"","meta":[],"_links":{"self":[{"href":"https:\/\/www.sepmeries.fr\/index.php\/wp-json\/wp\/v2\/pages\/56"}],"collection":[{"href":"https:\/\/www.sepmeries.fr\/index.php\/wp-json\/wp\/v2\/pages"}],"about":[{"href":"https:\/\/www.sepmeries.fr\/index.php\/wp-json\/wp\/v2\/types\/page"}],"author":[{"embeddable":true,"href":"https:\/\/www.sepmeries.fr\/index.php\/wp-json\/wp\/v2\/users\/1"}],"replies":[{"embeddable":true,"href":"https:\/\/www.sepmeries.fr\/index.php\/wp-json\/wp\/v2\/comments?post=56"}],"version-history":[{"count":24,"href":"https:\/\/www.sepmeries.fr\/index.php\/wp-json\/wp\/v2\/pages\/56\/revisions"}],"predecessor-version":[{"id":5372,"href":"https:\/\/www.sepmeries.fr\/index.php\/wp-json\/wp\/v2\/pages\/56\/revisions\/5372"}],"wp:attachment":[{"href":"https:\/\/www.sepmeries.fr\/index.php\/wp-json\/wp\/v2\/media?parent=56"}],"curies":[{"name":"wp","href":"https:\/\/api.w.org\/{rel}","templated":true}]}}