{"id":54,"date":"2020-08-12T23:33:52","date_gmt":"2020-08-12T21:33:52","guid":{"rendered":"https:\/\/wdp.sepmeries.fr\/?page_id=54"},"modified":"2026-04-06T19:29:27","modified_gmt":"2026-04-06T17:29:27","slug":"randonnees","status":"publish","type":"page","link":"https:\/\/www.sepmeries.fr\/index.php\/randonnees\/","title":{"rendered":"Sortez, prenez l&rsquo;air !"},"content":{"rendered":"\n<p style=\"text-align: justify;\">Plusieurs chemins peuvent vous permettre de d\u00e9couvrir le patrimoine rural du territoire de Sepmeries. Certains alignent campagne et modernit\u00e9, d\u2019autres traversent des paysages traditionnels, mais partout, fins observateurs, vous d\u00e9couvrirez haies, parcelles de bocage et paysages qui vous prouveront que vous \u00eates d\u00e9j\u00e0 dans le sud du d\u00e9partement du Nord&nbsp;: Sepmeries est une des portes de l\u2019Avesnois , ancr\u00e9 dans la campagne, d\u00e9j\u00e0 branch\u00e9 sur la modernit\u00e9.<\/p>\n\n\n\n<p>N.B.&nbsp;:&nbsp; les randonn\u00e9es&nbsp;sont d\u00e9crites en boucle \u00e0 partir de la place de la Croix<\/p>\n\n\n\n<h6 class=\"has-vivid-green-cyan-color has-text-color\">Circuit des chapelles de Sepmeries<\/h6>\n\n\n\n<p>Le circuit de randonn\u00e9e <strong>\u00ab\u00a0<a href=\"https:\/\/www.visorando.com\/randonnee-circuit-des-chapelles-de-sepmeries\/\" target=\"_blank\" rel=\"noopener\">Circuit des chapelles de Sepmeries<\/a>\u00a0\u00bb <\/strong>est accessible \u00e0 tous sur les sites et application Visorando.<\/p>\n<ul>\n<li>Dur\u00e9e moyenne : 2h55<\/li>\n<li>Distance : 9.61 km<\/li>\n<li>D\u00e9nivel\u00e9 positif : 51 m<\/li>\n<li>D\u00e9nivel\u00e9 n\u00e9gatif : 50 m<\/li>\n<li>Point haut : 106 m<\/li>\n<li>Point bas : 66 m<\/li>\n<li>Difficult\u00e9 : Facile<\/li>\n<li>Retour point de d\u00e9part : Oui<\/li>\n<li>Activit\u00e9 : A pied<\/li>\n<li>R\u00e9gion : Avesnois<\/li>\n<li>Carte IGN : R\u00e9f. 2606E, 2706OT.<\/li>\n<\/ul>\n\n\n\n<p><span class=\"has-inline-color has-vivid-cyan-blue-color\"><strong>Chemin de la chauss\u00e9e Brunehaut<\/strong>&nbsp;<\/span> <\/p>\n\n\n\n<p style=\"text-align: justify;\">Allez vers Ruesnes et empruntez la rue de Bermerain \u00e0 droite apr\u00e8s le pont.&nbsp;<\/p>\n\n\n\n<p>Montez sur le plateau <em>d\u2019o\u00f9 vous verrez les clochers de Maresches, Villers-Pol, Artres, et le village de Ruesnes<\/em>. <\/p>\n\n\n\n<p style=\"text-align: justify;\">Avancez jusqu\u2019au carrefour, tournez \u00e0 gauche&nbsp;: <em>vous \u00eates sur la chauss\u00e9e Brunehaut, rectiligne d\u2019un bout \u00e0 l\u2019autre&nbsp;: derri\u00e8re vous, tout droit \u00e0 plus de 100 km&nbsp;: Th\u00e9rouanne&nbsp;; devant vous, tout droit&nbsp;: Bavay. Entre les deux : Cambrai, Arras, Saint-Pol,\u2026<\/em><\/p>\n\n\n\n<p style=\"text-align: justify;\">Passez au pied de l\u2019\u00e9olienne <em>(130 m, du sol au haut des pales), \u00e9l\u00e9ment d\u2019un ensemble de 5 r\u00e9parties de Sepmeries \u00e0 Louvignies-Quesnoy<\/em>.<\/p>\n\n\n\n<p style=\"text-align: justify;\">Poursuivez votre chemin, et revenez vers Sepmeries \u00e0 gauche&nbsp;, par la RD100 reliant Englefontaine \u00e0 Sepmeries.<\/p>\n\n\n\n<p>Arriv\u00e9e place de la Croix apr\u00e8s le pont.<\/p>\n\n\n\n<p><strong><span class=\"has-inline-color has-luminous-vivid-amber-color\">Chemin de la Croisette<\/span><\/strong> <\/p>\n\n\n\n<p>Empruntez la rue Cambr\u00e9sienne <em>(chapelle Saint Jean)<\/em> et continuez dans la rue de Maresches. <\/p>\n\n\n\n<p style=\"text-align: justify;\">Prenez la derni\u00e8re rue \u00e0 droite, juste avant les \u00e9tablissements Mouftiez. Vous \u00eates dans la ruelle des Corv\u00e9es <em>qui longe le ruisseau de l\u2019Hirondelle et<\/em> qui vous am\u00e8ne \u00e0 travers champs vers \u00ab\u00a0la Croisette\u00a0\u00bb situ\u00e9e sur Villers-Pol<em> (vues sur Maresches, Pr\u00e9seau, Villers-Pol, Le Quesnoy\u2026). Vous y verrez le monument \u00e9rig\u00e9 en l\u2019honneur de l\u2019abb\u00e9 Lehut, fusill\u00e9 lors de la 2<sup>\u00e8me<\/sup> guerre mondiale<\/em>.<\/p>\n\n\n\n<p style=\"text-align: justify;\">Tournez \u00e0 droite et longez une magnifique peupleraie, pour atteindre la ferme du \u00ab\u00a0Grand Mortry\u00a0\u00bb.<\/p>\n\n\n\n<p style=\"text-align: justify;\">Passez alors sous le pont, tournez tout de suite \u00e0 droite dans le chemin d\u2019exploitation. <em>Depuis la Croisette, vous \u00eates sur un deuxi\u00e8me tron\u00e7on de la chauss\u00e9e Brunehaut (derri\u00e8re vous&nbsp;: Bavay, loin devant vous&nbsp;: Th\u00e9rouanne)<\/em>.<\/p>\n\n\n\n<p style=\"text-align: justify;\">Tournez ensuite \u00e0 droite pour rejoindre Sepmeries par la RD100. Arriv\u00e9e place de la Croix apr\u00e8s le pont.<\/p>\n\n\n\n<p><strong><span class=\"has-inline-color has-vivid-purple-color\">Chemin de la Justice<\/span><\/strong> <\/p>\n\n\n\n<p style=\"text-align: justify;\">Tournez \u00e0 droite juste avant le pont, et empruntez le chemin Lat\u00e9ral. <em>Au passage \u00e0 niveau, la voie ferr\u00e9e emprunte depuis le 1er septembre 1872 le chemin des Caramaras qui reliait Artres \u00e0 Ruesnes (tron\u00e7on persistant au niveau du garage des Sept Riots)<\/em>.<\/p>\n\n\n\n<p style=\"text-align: justify;\">Traversez la voie ferr\u00e9e et continuez jusqu\u2019au bout, pour tourner \u00e0 gauche dans le chemin de la Justice. <em>Dans la premi\u00e8re moiti\u00e9 du 20<sup>\u00e8me<\/sup> si\u00e8cle il \u00e9tait foul\u00e9 par les ouvriers du Solesmois partant \u00e0 pied travailler dans la sid\u00e9rurgie sur Valenciennes&nbsp;!<\/em> <em>Dans le creux du chemin, vous traversez le Rogneau qui rejoint l\u2019Ecaillon \u00e0 droite, dans Vendegies. Au niveau de la chapelle vous \u00eates au \u00ab\u00a0Fond de Justice\u00a0\u00bb.<\/em><\/p>\n\n\n\n<p style=\"text-align: justify;\">Remontez jusqu\u2019au calvaire de Bermerain et tournez \u00e0 gauche&nbsp;: vous voil\u00e0 sur un troisi\u00e8me tron\u00e7on de la chauss\u00e9e Brunehaut que vous emprunterez jusqu\u2019au prochain carrefour.<\/p>\n\n\n\n<p style=\"text-align: justify;\">Tournez alors \u00e0 nouveau \u00e0 gauche (avant l\u2019\u00e9olienne) pour regagner Sepmeries.<\/p>\n\n\n\n<p><strong><span class=\"has-inline-color has-luminous-vivid-orange-color\">Chemin de la Rh\u00f4nelle<\/span><\/strong>&nbsp;<\/p>\n\n\n\n<p style=\"text-align: justify;\">M\u00eame d\u00e9but que le chemin de la Justice.<\/p>\n\n\n\n<p style=\"text-align: justify;\">Juste apr\u00e8s avoir travers\u00e9 le passage \u00e0 niveau, tournez \u00e0 droite et longez la voie ferr\u00e9e jusque Artres<em>. A droite, vous apercevez l\u2019ancienne sucrerie<\/em>. Au bout de ce chemin, tournez \u00e0 droite<em> pour laisser la ferme du Tapage \u00e0 gauche.<\/em><\/p>\n\n\n\n<p style=\"text-align: justify;\">Descendez dans le village d\u2019Artres en traversant le passage \u00e0 niveau, tournez \u00e0 droite au premier croisement vers le carrefour du Marronnier, virez \u00e0 gauche pour passer au pied de l\u2019\u00e9glise, de \u00ab\u00a0la Gentilhommi\u00e8re\u00a0\u00bb<em> (ancienne ferme dont d\u00e9pendait la sucrerie, et ayant quelque temps abrit\u00e9 les quartiers d\u2019hiver du cirque Rancy-Carrington)<\/em>. Continuez \u00e0 droite et passez devant l\u2019\u00e9cole. Tournez au bout \u00e0 droite en laissant le cimeti\u00e8re \u00e0 votre gauche, quittez Artres par la rue de Sepmeries. Vous longez maintenant la Rh\u00f4nelle. Le chemin prend le nom de rue du Bas d\u2019Artres sur notre commune. <em>En arrivant sur Sepmeries&nbsp;: chapelle de l\u2019agonie, lieu-dit la Maladrerie, qui symbolise le lieu de quarantaine des malades contagieux au moyen-\u00e2ge<\/em>. Retour \u00e0 la place de la Croix par la rue de Valenciennes et la Grand\u2019rue, <em>avec ses fermes \u00e0 porche cintr\u00e9, son \u00e9glise du 19<sup>\u00e8me<\/sup> si\u00e8cle, son monument aux morts et sa mairie de m\u00eame \u00e9poque. Le rond-point \u00e9tait l\u2019ancienne place du Tilleul, au pied du ch\u00e2teau (\u00e9rig\u00e9 \u00e0 l\u2019emplacement de l\u2019actuelle ferme Caudrillier).<\/em><\/p>\n\n\n\n<p style=\"text-align: justify;\"><strong><span class=\"has-inline-color has-pale-cyan-blue-color\">Petit chemin de la fontaine Huguenie<\/span><\/strong><strong> : Ce chemin est actuellement peu praticable <\/strong><em>(bottes indispensables)<\/em><strong>.<\/strong><\/p>\n<p style=\"text-align: justify;\">Empruntez la rue Cambr\u00e9sienne. Apr\u00e8s le lavoir et juste dans le tournant, \u00e0&nbsp; droite, un sentier \u00e9troit longe un grand mur de briques (attention, mur tr\u00e8s d\u00e9grad\u00e9), <em>vous menant \u00e0 la fontaine Huguenie, encore utilis\u00e9e il y a une vingtaine d\u2019ann\u00e9es comme source d\u2019eau potable<\/em>. En arrivant au chemin lat\u00e9ral <em>(dit chemin de Mortry)<\/em>, tournez \u00e0 gauche et empruntez le petit passage sous la voie ferr\u00e9e quelques m\u00e8tres apr\u00e8s (il faut marcher courb\u00e9!) pour vous retrouver sur un chemin plus large qui vous ram\u00e8ne \u00e0 droite vers le calvaire de Sepmeries. Empruntez sur votre gauche le RD 100 jusqu\u2019au chemin des Caramaras (200 m \u00e0 droite) que vous empruntez (garage des Sept Riots). Au bout du chemin descendez \u00e0 droite la rue de Bermerain pour revenir sur la place de la Croix, derri\u00e8re le pont.<\/p>\n\n\n\n<h2>Vivez une aventure pr\u00e8s de chez vous !<\/h2>\n\n\n\n<p>Quel bonheur d\u2019habiter dans le <strong>Parc de l\u2019Avesnois<\/strong> ! C&rsquo;est le printemps, les beaux jours reviennent ! D\u00e9couvrez des id\u00e9es de sorties gratuites pr\u00e8s de chez vous.<\/p>\n<p>Retrouvez des bonheurs simples&nbsp;:&nbsp; marcher, \u00e9couter, respirer \u00e0 plein poumons, se reconnecter \u00e0 la nature\u2026 en Avesnois, vous avez le choix&nbsp;!<\/p>\n<p style=\"text-align: justify;\">Se promener en Avesnois permet d\u2019allier plaisir des yeux et activit\u00e9 physique. C\u2019est aussi un bon moyen d\u2019\u00e9veiller la curiosit\u00e9 des plus jeunes.<\/p>\n\n\n\n<p>A deux pas de chez vous se cachent certainement une for\u00eat inexplor\u00e9e ou des paysages naturels inconnus. Red\u00e9couvrez en marchant, \u00e0 v\u00e9lo ou m\u00eame en cano\u00e9, ce qui compose votre environnement proche et parfois mal connu et vivez une exp\u00e9rience grandeur nature.<\/p>\n<p style=\"text-align: justify;\">L\u2019Avesnois est un mus\u00e9e \u00e0 ciel ouvert. Au fil de vos balades vous d\u00e9couvrirez, les paysages de bocage mais aussi les kiosques \u00e0 musique ou \u00e0 danser, les chapelles et oratoires nich\u00e9s au c\u0153ur de nos villages. Sans oublier les rencontres avec la faune et la flore de chez nous selon les saisons. Pour pr\u00e9parer vos sorties, plusieurs solutions s\u2019offrent \u00e0 vous\u00a0!<\/p>\n\n\n\n<div class=\"wp-block-file\"><a id=\"wp-block-file--media-e6b60eb2-d100-4873-b045-03b9f2a4a03e\" href=\"https:\/\/www.sepmeries.fr\/wp-content\/uploads\/2021\/06\/Sortez-prenez-lair-1.pdf\" target=\"_blank\" rel=\"noreferrer noopener\">Sortez-prenez-l&rsquo;air<\/a><a href=\"https:\/\/www.sepmeries.fr\/wp-content\/uploads\/2021\/06\/Sortez-prenez-lair-1.pdf\" class=\"wp-block-file__button wp-element-button\" download aria-describedby=\"wp-block-file--media-e6b60eb2-d100-4873-b045-03b9f2a4a03e\">T\u00e9l\u00e9charger<\/a><\/div>\n\n\n\n<p><\/p>\n","protected":false},"excerpt":{"rendered":"<p>Plusieurs chemins peuvent vous permettre de d\u00e9couvrir le patrimoine rural du territoire de Sepmeries. Certains alignent campagne et modernit\u00e9, d\u2019autres traversent des paysages traditionnels, mais partout, fins observateurs, vous d\u00e9couvrirez [&hellip;]<\/p>\n","protected":false},"author":1,"featured_media":0,"parent":0,"menu_order":0,"comment_status":"closed","ping_status":"closed","template":"","meta":[],"_links":{"self":[{"href":"https:\/\/www.sepmeries.fr\/index.php\/wp-json\/wp\/v2\/pages\/54"}],"collection":[{"href":"https:\/\/www.sepmeries.fr\/index.php\/wp-json\/wp\/v2\/pages"}],"about":[{"href":"https:\/\/www.sepmeries.fr\/index.php\/wp-json\/wp\/v2\/types\/page"}],"author":[{"embeddable":true,"href":"https:\/\/www.sepmeries.fr\/index.php\/wp-json\/wp\/v2\/users\/1"}],"replies":[{"embeddable":true,"href":"https:\/\/www.sepmeries.fr\/index.php\/wp-json\/wp\/v2\/comments?post=54"}],"version-history":[{"count":17,"href":"https:\/\/www.sepmeries.fr\/index.php\/wp-json\/wp\/v2\/pages\/54\/revisions"}],"predecessor-version":[{"id":5575,"href":"https:\/\/www.sepmeries.fr\/index.php\/wp-json\/wp\/v2\/pages\/54\/revisions\/5575"}],"wp:attachment":[{"href":"https:\/\/www.sepmeries.fr\/index.php\/wp-json\/wp\/v2\/media?parent=54"}],"curies":[{"name":"wp","href":"https:\/\/api.w.org\/{rel}","templated":true}]}}