{"id":40,"date":"2020-08-12T22:40:09","date_gmt":"2020-08-12T20:40:09","guid":{"rendered":"https:\/\/wdp.sepmeries.fr\/?page_id=40"},"modified":"2020-10-18T22:36:09","modified_gmt":"2020-10-18T20:36:09","slug":"mentions-legales","status":"publish","type":"page","link":"https:\/\/www.sepmeries.fr\/index.php\/mentions-legales\/","title":{"rendered":"Mentions L\u00e9gales"},"content":{"rendered":"\n<h2 id=\"c356-0\">Editeur<\/h2>\n\n\n\n<p>Sepmeries.fr est le site officiel de la Ville de Sepmeries.<\/p>\n\n\n\n<p>Le directeur de la publication du site web est M. Thierry SOSZYNSKI en qualit\u00e9 de Maire de Sepmeries.<\/p>\n\n\n\n<p>Mairie de Sepmeries<br>143 Grand&rsquo;Rue<br>59 269 SEPMERIES<br>Fax : 33 (0)3 27 41 18 57<\/p>\n\n\n\n<h2 id=\"c360-0\">Cr\u00e9dits<\/h2>\n\n\n\n<h3 id=\"c360-1\">Conception, r\u00e9alisation et d\u00e9veloppement du site<\/h3>\n\n\n\n<p>Le site internet de la Ville de Sepmeries est con\u00e7u et d\u00e9velopp\u00e9 par la Ville de Sepmeries.<\/p>\n\n\n\n<h3 id=\"c360-2\">Textes et actualisation du site<\/h3>\n\n\n\n<p>Les textes ont \u00e9t\u00e9 r\u00e9dig\u00e9s par la Ville de Sepmeries.<\/p>\n\n\n\n<h3 id=\"c360-3\">Photographies<\/h3>\n\n\n\n<p>Toute reproduction ou publication de photographies doit \u00eatre autoris\u00e9e par la Ville de Sepmeries. Merci de contacter celle-ci <a href=\"https:\/\/wdp.sepmeries.fr\/index.php\/contact\/\" data-type=\"page\" data-id=\"28\">ici<\/a>.<\/p>\n\n\n\n<h2 id=\"c357-0\">Hebergement<\/h2>\n\n\n\n<p>Soci\u00e9t\u00e9 : OVH<br>URL : www.ovh.com<br>Forme Juridique : Soci\u00e9t\u00e9 par actions simplifi\u00e9e (SAS)<br>SIEGE SOCIAL : 2 rue Kellermann &#8211; 59100 Roubaix &#8211; France<br>SIRET : 424 761 419 00045<br>RCS : Lille M\u00e9tropole 424\u00a0761 419<br>TVA intracommunautaire : FR 22 424 761 419<br>Code APE : 6311Z<br>Tel : +33 9 72 10 10 07<br>Email : cil@ovh.net<\/p>\n\n\n\n<h2 id=\"c359-0\">Avertissement<\/h2>\n\n\n\n<h3 id=\"c359-1\">Droits r\u00e9serv\u00e9s<\/h3>\n\n\n\n<p>\u00a0<br>Le pr\u00e9sent site est la propri\u00e9t\u00e9 de la Ville de Sepmeries qui en est l\u2019auteur au sens des articles L. 111-1 et suivants du Code de la propri\u00e9t\u00e9 intellectuelle. Les photographies, textes, slogans, dessins, images, s\u00e9quences anim\u00e9es sonores ou non, ainsi que toutes \u0153uvres int\u00e9gr\u00e9es dans le site sont la propri\u00e9t\u00e9 de la Ville de Sepmeries ou de tiers ayant autoris\u00e9 la Ville \u00e0 les utiliser.<br>\u00a0<br>A l\u2019exception des copies ou reproductions strictement r\u00e9serv\u00e9es \u00e0 l\u2019usage du copiste et non destin\u00e9es \u00e0 une utilisation collective, excluant tout usage \u00e0 des fins publicitaires et\/ou commerciales et\/ou d\u2019information (article L. 122-5 2\u00b0 du code pr\u00e9cit\u00e9), toute reproduction partielle ou totale, par quelque proc\u00e9d\u00e9 et sur quelque support que ce soit, de tout ou partie du site ou des contenus qui le composent sans avoir obtenu l\u2019autorisation expresse et pr\u00e9alable de la Ville de Sepmeries est interdite.<br>\u00a0<br>Les bases ou fichiers de donn\u00e9es sont prot\u00e9g\u00e9s par des dispositions sp\u00e9cifiques, issues en particulier de la loi n\u00b0 98-536 du 1er juillet 1998, et leur r\u00e9utilisation est interdite sans autorisation de leur producteur.<br>\u00a0<\/p>\n\n\n\n<h3 id=\"c359-2\">Responsabilit\u00e9<\/h3>\n\n\n\n<p>\u00a0<br>La Ville de Sepmeries ne garantit pas que ce site soit exempt de d\u00e9faut, d\u2019erreur ou d\u2019omission et qu\u2019il corresponde exactement \u00e0 l\u2019usage auquel l\u2019utilisateur le destine. Elle ne peut en aucun cas \u00eatre tenue responsable des \u00e9ventuels d\u00e9fauts, erreurs ou omissions existant dans ce site, et des \u00e9ventuelles pertes financi\u00e8res ou autres dommages pouvant en r\u00e9sulter.<br>\u00a0<br>Les liens hypertextes mis en place dans le cadre du pr\u00e9sent site web en direction d\u2019autres ressources pr\u00e9sentes sur le r\u00e9seau Internet ne sauraient engager la responsabilit\u00e9 de la Ville de Sepmeries, notamment au regard du contenu de ces sites.<br>\u00a0<br>\u00a0<\/p>\n\n\n\n<h3 id=\"c359-3\">Protection de la vie priv\u00e9e et confidentialit\u00e9<\/h3>\n\n\n\n<p>&nbsp;<br>Les utilisateurs du site sont tenus de respecter les dispositions de la loi Informatique et libert\u00e9s dont la violation est passible de sanctions p\u00e9nales.<br>Ils doivent notamment s\u2019abstenir, s\u2019agissant des informations nominatives auxquelles ils acc\u00e8dent, de toute collecte, toute utilisation d\u00e9tourn\u00e9e et, d\u2019une mani\u00e8re g\u00e9n\u00e9rale, de tout acte susceptible de porter atteinte \u00e0 la vie priv\u00e9e ou \u00e0 la r\u00e9putation des personnes.<br>&nbsp;<\/p>\n\n\n\n<h3 id=\"c359-4\">Protection de l&rsquo;ordre public<\/h3>\n\n\n\n<p>&nbsp;<br>Les moyens de communication informatiques mis \u00e0 disposition des usagers ne doivent pas v\u00e9hiculer n&rsquo;importe quel message. L\u2019article 227-24 du Code p\u00e9nal punit le fait de diffuser des messages \u00e0 caract\u00e8re violent, pornographique ou de nature \u00e0 porter gravement atteinte \u00e0 la dignit\u00e9 humaine.<br>&nbsp;<br>&nbsp;<\/p>\n\n\n\n<h3 id=\"c359-5\">Protection des syst\u00e8mes informatiques<\/h3>\n\n\n\n<p>&nbsp;<br>Les articles 323-1 et suivant du Code p\u00e9nal punissent l&rsquo;entrave du syst\u00e8me informatique, c&rsquo;est-\u00e0-dire toute perturbation volontaire de son fonctionnement et l&rsquo;alt\u00e9ration volontaire des donn\u00e9es du site.<\/p>\n","protected":false},"excerpt":{"rendered":"<p>Editeur Sepmeries.fr est le site officiel de la Ville de Sepmeries. Le directeur de la publication du site web est M. Thierry SOSZYNSKI en qualit\u00e9 de Maire de Sepmeries. Mairie [&hellip;]<\/p>\n","protected":false},"author":1,"featured_media":0,"parent":0,"menu_order":0,"comment_status":"closed","ping_status":"closed","template":"","meta":[],"_links":{"self":[{"href":"https:\/\/www.sepmeries.fr\/index.php\/wp-json\/wp\/v2\/pages\/40"}],"collection":[{"href":"https:\/\/www.sepmeries.fr\/index.php\/wp-json\/wp\/v2\/pages"}],"about":[{"href":"https:\/\/www.sepmeries.fr\/index.php\/wp-json\/wp\/v2\/types\/page"}],"author":[{"embeddable":true,"href":"https:\/\/www.sepmeries.fr\/index.php\/wp-json\/wp\/v2\/users\/1"}],"replies":[{"embeddable":true,"href":"https:\/\/www.sepmeries.fr\/index.php\/wp-json\/wp\/v2\/comments?post=40"}],"version-history":[{"count":2,"href":"https:\/\/www.sepmeries.fr\/index.php\/wp-json\/wp\/v2\/pages\/40\/revisions"}],"predecessor-version":[{"id":465,"href":"https:\/\/www.sepmeries.fr\/index.php\/wp-json\/wp\/v2\/pages\/40\/revisions\/465"}],"wp:attachment":[{"href":"https:\/\/www.sepmeries.fr\/index.php\/wp-json\/wp\/v2\/media?parent=40"}],"curies":[{"name":"wp","href":"https:\/\/api.w.org\/{rel}","templated":true}]}}