{"id":36,"date":"2020-08-12T22:38:15","date_gmt":"2020-08-12T20:38:15","guid":{"rendered":"https:\/\/wdp.sepmeries.fr\/?page_id=36"},"modified":"2026-03-14T08:19:34","modified_gmt":"2026-03-14T07:19:34","slug":"commerces","status":"publish","type":"page","link":"https:\/\/www.sepmeries.fr\/index.php\/commerces\/","title":{"rendered":"Commerces &#038; Artisans"},"content":{"rendered":"\n<h4>Animation &#8211; \u00c9v\u00e9nements<\/h4>\n\n\n\n<div class=\"wp-block-media-text alignwide is-stacked-on-mobile\"><figure class=\"wp-block-media-text__media\"><img decoding=\"async\" loading=\"lazy\" width=\"680\" height=\"510\" src=\"https:\/\/www.sepmeries.fr\/wp-content\/uploads\/2023\/09\/FESTIG.jpg\" alt=\"\" class=\"wp-image-3512 size-full\" srcset=\"https:\/\/www.sepmeries.fr\/wp-content\/uploads\/2023\/09\/FESTIG.jpg 680w, https:\/\/www.sepmeries.fr\/wp-content\/uploads\/2023\/09\/FESTIG-300x225.jpg 300w\" sizes=\"(max-width: 680px) 100vw, 680px\" \/><\/figure><div class=\"wp-block-media-text__content\">\n<p><strong>Festi&rsquo;G<\/strong><\/p>\n\n\n\n<p><strong>T\u00e9l. : 06.60.74.70.54<\/strong><\/p>\n\n\n\n<p>172, Rue du Bas d&rsquo;Artres, 59269 SEPMERIES<\/p>\n\n\n\n<p>Nous proposons la location de structures gonflables pour tous vos \u00e9v\u00e9nements, mariages, anniversaires, bapt\u00eames communions, soir\u00e9e en famille ou entres amis&#8230;<\/p>\n\n\n\n<p>Nous proposons des machines \u00e0 barbe \u00e0 papa et \u00e0 pop-corn.<\/p>\n\n\n\n<p>Livraison gratuite dans un rayon de 20 Km autour de Valenciennes.<\/p>\n<\/div><\/div>\n\n\n\n<hr class=\"wp-block-separator has-alpha-channel-opacity\"\/>\n\n\n\n<h4>Assurances de proximit\u00e9<\/h4>\n\n\n\n<div class=\"wp-block-media-text alignwide is-stacked-on-mobile\"><figure class=\"wp-block-media-text__media\"><img decoding=\"async\" loading=\"lazy\" width=\"480\" height=\"358\" src=\"https:\/\/www.sepmeries.fr\/wp-content\/uploads\/2026\/02\/Image-David-SALON-1.jpg\" alt=\"\" class=\"wp-image-5475 size-full\" srcset=\"https:\/\/www.sepmeries.fr\/wp-content\/uploads\/2026\/02\/Image-David-SALON-1.jpg 480w, https:\/\/www.sepmeries.fr\/wp-content\/uploads\/2026\/02\/Image-David-SALON-1-300x224.jpg 300w\" sizes=\"(max-width: 480px) 100vw, 480px\" \/><\/figure><div class=\"wp-block-media-text__content\">\n<p><strong>Ds conseil Nord<\/strong><\/p>\n\n\n\n<p><strong>T\u00e9l. : 07.82.22.33.51<\/strong><\/p>\n\n\n\n<p>42, rue de Valenciennes, 59269 SEPMERIES<\/p>\n\n\n\n<p>dsconseilnord@outlook.fr<\/p>\n\n\n\n<p>N\u00b0 Orias : 25010054<\/p>\n<\/div><\/div>\n\n\n\n<hr class=\"wp-block-separator has-alpha-channel-opacity\"\/>\n\n\n\n<h4>Carburants et Mat\u00e9riaux<\/h4>\n\n\n\n<div class=\"wp-block-media-text alignwide is-stacked-on-mobile\" style=\"grid-template-columns:55% auto\"><figure class=\"wp-block-media-text__media\"><img decoding=\"async\" loading=\"lazy\" width=\"859\" height=\"261\" src=\"https:\/\/wdp.sepmeries.fr\/wp-content\/uploads\/2020\/11\/mouftiez-1.jpg\" alt=\"\" class=\"wp-image-478 size-full\" srcset=\"https:\/\/www.sepmeries.fr\/wp-content\/uploads\/2020\/11\/mouftiez-1.jpg 859w, https:\/\/www.sepmeries.fr\/wp-content\/uploads\/2020\/11\/mouftiez-1-300x91.jpg 300w, https:\/\/www.sepmeries.fr\/wp-content\/uploads\/2020\/11\/mouftiez-1-768x233.jpg 768w\" sizes=\"(max-width: 859px) 100vw, 859px\" \/><\/figure><div class=\"wp-block-media-text__content\">\n<h5><strong>Ets MOUFTIEZ<\/strong><\/h5>\n\n\n\n<p><strong>T\u00e9l. : 03.27.27.13.37<\/strong><\/p>\n\n\n\n<p class=\"has-normal-font-size\">140 rue de Maresches, 59269 Sepmeries<\/p>\n\n\n\n<p>Du lundi au vendredi<br>de 7h30 \u00e0 12h30 et de 13h30 \u00e0 18h00<br>Le samedi de 7h30 \u00e0 12h30<\/p>\n\n\n\n<p class=\"has-normal-font-size\"><a href=\"http:\/\/mouftiez.fr\/\" target=\"_blank\" rel=\"noreferrer noopener\">http:\/\/mouftiez.fr\/<\/a><\/p>\n<\/div><\/div>\n\n\n\n<hr class=\"wp-block-separator has-css-opacity\"\/>\n\n\n\n<h4>Coiffure<\/h4>\n\n\n\n<p><\/p>\n\n\n\n<div class=\"wp-block-media-text alignwide is-stacked-on-mobile\" style=\"grid-template-columns:32% auto\"><figure class=\"wp-block-media-text__media\"><img decoding=\"async\" loading=\"lazy\" width=\"1024\" height=\"576\" src=\"https:\/\/wdp.sepmeries.fr\/wp-content\/uploads\/2021\/01\/maxresdefault-1024x576.jpg\" alt=\"\" class=\"wp-image-1067 size-full\" srcset=\"https:\/\/www.sepmeries.fr\/wp-content\/uploads\/2021\/01\/maxresdefault-1024x576.jpg 1024w, https:\/\/www.sepmeries.fr\/wp-content\/uploads\/2021\/01\/maxresdefault-300x169.jpg 300w, https:\/\/www.sepmeries.fr\/wp-content\/uploads\/2021\/01\/maxresdefault-768x432.jpg 768w, https:\/\/www.sepmeries.fr\/wp-content\/uploads\/2021\/01\/maxresdefault.jpg 1280w\" sizes=\"(max-width: 1024px) 100vw, 1024px\" \/><\/figure><div class=\"wp-block-media-text__content\">\n<h5><strong>SABRINA COIFFURE<\/strong><\/h5>\n\n\n\n<p>T\u00e9l&nbsp;: <strong>06.25.43.59.89<\/strong><\/p>\n\n\n\n<p>7 All\u00e9e de l&rsquo;Hirondelle, 59269 Sepmeries<\/p>\n<\/div><\/div>\n\n\n\n<hr class=\"wp-block-separator has-alpha-channel-opacity\"\/>\n\n\n\n<h4>Esth\u00e9ticienne &amp; Coiffeuse<\/h4>\n\n\n\n<div class=\"wp-block-media-text alignwide is-stacked-on-mobile\" style=\"grid-template-columns:32% auto\"><figure class=\"wp-block-media-text__media\"><img decoding=\"async\" loading=\"lazy\" width=\"1024\" height=\"576\" src=\"https:\/\/wdp.sepmeries.fr\/wp-content\/uploads\/2021\/01\/maxresdefault-1024x576.jpg\" alt=\"\" class=\"wp-image-1067 size-full\" srcset=\"https:\/\/www.sepmeries.fr\/wp-content\/uploads\/2021\/01\/maxresdefault-1024x576.jpg 1024w, https:\/\/www.sepmeries.fr\/wp-content\/uploads\/2021\/01\/maxresdefault-300x169.jpg 300w, https:\/\/www.sepmeries.fr\/wp-content\/uploads\/2021\/01\/maxresdefault-768x432.jpg 768w, https:\/\/www.sepmeries.fr\/wp-content\/uploads\/2021\/01\/maxresdefault.jpg 1280w\" sizes=\"(max-width: 1024px) 100vw, 1024px\" \/><\/figure><div class=\"wp-block-media-text__content\">\n<h5>L&rsquo;Instant D\u00e9tente<\/h5>\n\n\n\n<p>Pauline HOURDIAU<\/p>\n\n\n\n<p>Sp\u00e9cialiste du Bien-\u00eatre<\/p>\n\n\n\n<p>Sur rendez-vous<\/p>\n\n\n\n<p>T\u00e9l\u00a0: <strong>06.32.68.00.25<\/strong><\/p>\n\n\n\n<p>336, Chemin Lat\u00e9ral, 59269 Sepmeries<\/p>\n<\/div><\/div>\n\n\n\n<hr class=\"wp-block-separator has-css-opacity\"\/>\n\n\n\n<h4>Exploitation foresti\u00e8re<\/h4>\n\n\n\n<div class=\"wp-block-media-text alignwide is-stacked-on-mobile\" style=\"grid-template-columns:35% auto\"><figure class=\"wp-block-media-text__media\"><img decoding=\"async\" loading=\"lazy\" width=\"1024\" height=\"683\" src=\"https:\/\/wdp.sepmeries.fr\/wp-content\/uploads\/2021\/01\/04_buche-1024x683-1.jpg\" alt=\"\" class=\"wp-image-1065 size-full\" srcset=\"https:\/\/www.sepmeries.fr\/wp-content\/uploads\/2021\/01\/04_buche-1024x683-1.jpg 1024w, https:\/\/www.sepmeries.fr\/wp-content\/uploads\/2021\/01\/04_buche-1024x683-1-300x200.jpg 300w, https:\/\/www.sepmeries.fr\/wp-content\/uploads\/2021\/01\/04_buche-1024x683-1-768x512.jpg 768w\" sizes=\"(max-width: 1024px) 100vw, 1024px\" \/><\/figure><div class=\"wp-block-media-text__content\">\n<h5>EURL DU PONT DE SEP.<\/h5>\n\n\n\n<p>T\u00e9l. : <strong>06.70.48.89.34<\/strong><\/p>\n\n\n\n<p>33 Rue Cambr\u00e9sienne, 59269 Sepmeries<\/p>\n<\/div><\/div>\n\n\n\n<hr class=\"wp-block-separator has-css-opacity\"\/>\n\n\n\n<div class=\"is-layout-flow wp-block-group\"><div class=\"wp-block-group__inner-container\">\n<h4>Garages &#8211; R\u00e9parations<\/h4>\n<\/div><\/div>\n\n\n\n<div class=\"wp-block-media-text alignwide is-stacked-on-mobile\" style=\"grid-template-columns:46% auto\"><figure class=\"wp-block-media-text__media\"><img decoding=\"async\" loading=\"lazy\" width=\"912\" height=\"357\" src=\"https:\/\/wdp.sepmeries.fr\/wp-content\/uploads\/2020\/11\/brad4autos.jpg\" alt=\"\" class=\"wp-image-490 size-full\" srcset=\"https:\/\/www.sepmeries.fr\/wp-content\/uploads\/2020\/11\/brad4autos.jpg 912w, https:\/\/www.sepmeries.fr\/wp-content\/uploads\/2020\/11\/brad4autos-300x117.jpg 300w, https:\/\/www.sepmeries.fr\/wp-content\/uploads\/2020\/11\/brad4autos-768x301.jpg 768w\" sizes=\"(max-width: 912px) 100vw, 912px\" \/><\/figure><div class=\"wp-block-media-text__content\">\n<h5><strong>BRAD AUTOS<\/strong><\/h5>\n\n\n\n<p><strong>T\u00e9l.&nbsp;: 03.27.27.12.17<\/strong><\/p>\n\n\n\n<p>Rue de Maresches, 59269 Sepmeries<\/p>\n<\/div><\/div>\n\n\n\n<hr class=\"wp-block-separator has-css-opacity is-style-wide\"\/>\n\n\n\n<div class=\"wp-block-media-text alignwide is-stacked-on-mobile\" style=\"grid-template-columns:46% auto\"><figure class=\"wp-block-media-text__media\"><img decoding=\"async\" loading=\"lazy\" width=\"676\" height=\"400\" src=\"https:\/\/www.sepmeries.fr\/wp-content\/uploads\/2021\/01\/PUB-CAFE.bmp\" alt=\"\" class=\"wp-image-1155 size-full\" srcset=\"https:\/\/www.sepmeries.fr\/wp-content\/uploads\/2021\/01\/PUB-CAFE.bmp 676w, https:\/\/www.sepmeries.fr\/wp-content\/uploads\/2021\/01\/PUB-CAFE-300x178.jpg 300w\" sizes=\"(max-width: 676px) 100vw, 676px\" \/><\/figure><div class=\"wp-block-media-text__content\">\n<h5>GARAGE DES 7 RIOTS<\/h5>\n\n\n\n<p>T\u00e9l. : <strong>03.27.27.16.46<\/strong><\/p>\n\n\n\n<p>50 Rue de Ruesnes, 59269 Sepmeries<\/p>\n<\/div><\/div>\n\n\n\n<hr class=\"wp-block-separator has-css-opacity\"\/>\n\n\n\n<h4>Hygi\u00e8ne &amp; Services<\/h4>\n\n\n\n<div class=\"wp-block-media-text alignwide is-stacked-on-mobile\"><figure class=\"wp-block-media-text__media\"><img decoding=\"async\" loading=\"lazy\" width=\"338\" height=\"237\" src=\"https:\/\/www.sepmeries.fr\/wp-content\/uploads\/2023\/11\/Capture-decran-2023-11-27-220034.png\" alt=\"\" class=\"wp-image-3739 size-full\" srcset=\"https:\/\/www.sepmeries.fr\/wp-content\/uploads\/2023\/11\/Capture-decran-2023-11-27-220034.png 338w, https:\/\/www.sepmeries.fr\/wp-content\/uploads\/2023\/11\/Capture-decran-2023-11-27-220034-300x210.png 300w\" sizes=\"(max-width: 338px) 100vw, 338px\" \/><\/figure><div class=\"wp-block-media-text__content\">\n<h5 class=\"has-text-align-center\" id=\"wt-container-instance-20345671\">Nettoyage pour les particuliers et<br>les professionnels entre Maubeuge et Denain<\/h5>\n\n\n\n<p>Hygi\u00e8ne &amp; Services propose une vari\u00e9t\u00e9 de services de nettoyage automobile, de canap\u00e9s, ainsi que la location de mat\u00e9riel de nettoyage et la vente de produits d&rsquo;entretien.<\/p>\n\n\n\n<p>Avec&nbsp;Hygi\u00e8ne &amp; Services, les prestations peuvent se faire directement <strong>\u00e0 votre domicile.<\/strong><\/p>\n\n\n\n<p>T\u00e9l. : <strong>06.60.99.73.81<\/strong><\/p>\n\n\n\n<p>170 Grand rue, 59269 Sepmeries<\/p>\n\n\n\n<p><a href=\"https:\/\/www.hygiene-et-services.fr\/\">https:\/\/www.hygiene-et-services.fr\/<\/a><\/p>\n<\/div><\/div>\n\n\n\n<hr class=\"wp-block-separator has-css-opacity\"\/>\n\n\n\n<h4>Produits agricoles<\/h4>\n\n\n\n<div class=\"wp-block-media-text alignwide is-stacked-on-mobile\" style=\"grid-template-columns:38% auto\"><figure class=\"wp-block-media-text__media\"><img decoding=\"async\" loading=\"lazy\" width=\"981\" height=\"675\" src=\"https:\/\/wdp.sepmeries.fr\/wp-content\/uploads\/2021\/01\/ferme-dienne.jpg\" alt=\"\" class=\"wp-image-1047 size-full\" srcset=\"https:\/\/www.sepmeries.fr\/wp-content\/uploads\/2021\/01\/ferme-dienne.jpg 981w, https:\/\/www.sepmeries.fr\/wp-content\/uploads\/2021\/01\/ferme-dienne-300x206.jpg 300w, https:\/\/www.sepmeries.fr\/wp-content\/uploads\/2021\/01\/ferme-dienne-768x528.jpg 768w\" sizes=\"(max-width: 981px) 100vw, 981px\" \/><\/figure><div class=\"wp-block-media-text__content\">\n<h5>Ferme DIENNE<\/h5>\n\n\n\n<p>T\u00e9l. : <strong>06.80.30.28.43<\/strong><\/p>\n\n\n\n<p>244 Rue de Valenciennes, 59269 SEPMERIES<\/p>\n<\/div><\/div>\n\n\n\n<hr class=\"wp-block-separator has-css-opacity is-style-wide\"\/>\n\n\n\n<h4>Rev\u00eatement des sols et murs<\/h4>\n\n\n\n<div class=\"wp-block-media-text alignwide is-stacked-on-mobile\" style=\"grid-template-columns:37% auto\"><figure class=\"wp-block-media-text__media\"><img decoding=\"async\" loading=\"lazy\" width=\"1024\" height=\"670\" src=\"https:\/\/wdp.sepmeries.fr\/wp-content\/uploads\/2021\/01\/rossi_guillaume_sepmeries_exemple_de_mosaique_144846197.jpg\" alt=\"\" class=\"wp-image-1038 size-full\" srcset=\"https:\/\/www.sepmeries.fr\/wp-content\/uploads\/2021\/01\/rossi_guillaume_sepmeries_exemple_de_mosaique_144846197.jpg 1024w, https:\/\/www.sepmeries.fr\/wp-content\/uploads\/2021\/01\/rossi_guillaume_sepmeries_exemple_de_mosaique_144846197-300x196.jpg 300w, https:\/\/www.sepmeries.fr\/wp-content\/uploads\/2021\/01\/rossi_guillaume_sepmeries_exemple_de_mosaique_144846197-768x503.jpg 768w\" sizes=\"(max-width: 1024px) 100vw, 1024px\" \/><\/figure><div class=\"wp-block-media-text__content\">\n<h5>Guillaume ROSSI<\/h5>\n\n\n\n<p><strong>T\u00e9l.<\/strong> : <strong>03.27.49.70.79<\/strong><\/p>\n\n\n\n<p>206 Grand Rue, 59269 Sepmeries<\/p>\n\n\n\n<p><\/p>\n<\/div><\/div>\n\n\n\n<p><\/p>\n\n\n\n<hr class=\"wp-block-separator has-css-opacity\"\/>\n\n\n\n<h4><strong>Salon de toilettage Canin et F\u00e9lin<\/strong><\/h4>\n\n\n\n<div class=\"wp-block-media-text alignwide is-stacked-on-mobile\"><figure class=\"wp-block-media-text__media\"><img decoding=\"async\" loading=\"lazy\" width=\"599\" height=\"510\" src=\"https:\/\/www.sepmeries.fr\/wp-content\/uploads\/2023\/09\/tOUTfLAIRE.png\" alt=\"\" class=\"wp-image-3515 size-full\" srcset=\"https:\/\/www.sepmeries.fr\/wp-content\/uploads\/2023\/09\/tOUTfLAIRE.png 599w, https:\/\/www.sepmeries.fr\/wp-content\/uploads\/2023\/09\/tOUTfLAIRE-300x255.png 300w\" sizes=\"(max-width: 599px) 100vw, 599px\" \/><\/figure><div class=\"wp-block-media-text__content\">\n<p><strong>ToutFlair<\/strong><\/p>\n\n\n\n<p><strong>T\u00e9l.: 06.98.34.43.65<\/strong><\/p>\n\n\n\n<p>285 Rue de Valenciennes, 59269 SEPMERIES<\/p>\n\n\n\n<p>Pour une exp\u00e9rience de toilettage de premi\u00e8re classe, rendez-vous chez ToutFlair.<br>Offrez \u00e0 vos animaux de compagnie l&rsquo;attention et les soins qu&rsquo;ils m\u00e9ritent !<\/p>\n\n\n\n<p>Prenez rendez-vous d\u00e8s maintenant et laissez-nous prendre soin de leur beaut\u00e9 et de leur bonheur.<\/p>\n<\/div><\/div>\n\n\n\n<hr class=\"wp-block-separator has-alpha-channel-opacity\"\/>\n\n\n\n<h4>Travaux G\u00e9n\u00e9raux<\/h4>\n\n\n\n<div class=\"wp-block-media-text alignwide is-stacked-on-mobile is-image-fill\"><figure class=\"wp-block-media-text__media\" style=\"background-image:url(https:\/\/www.sepmeries.fr\/wp-content\/uploads\/2025\/11\/image-ets-bavay-768x1024.jpeg);background-position:50% 50%\"><img decoding=\"async\" loading=\"lazy\" width=\"768\" height=\"1024\" src=\"https:\/\/www.sepmeries.fr\/wp-content\/uploads\/2025\/11\/image-ets-bavay-768x1024.jpeg\" alt=\"\" class=\"wp-image-5360 size-full\" srcset=\"https:\/\/www.sepmeries.fr\/wp-content\/uploads\/2025\/11\/image-ets-bavay-768x1024.jpeg 768w, https:\/\/www.sepmeries.fr\/wp-content\/uploads\/2025\/11\/image-ets-bavay-225x300.jpeg 225w, https:\/\/www.sepmeries.fr\/wp-content\/uploads\/2025\/11\/image-ets-bavay-1152x1536.jpeg 1152w, https:\/\/www.sepmeries.fr\/wp-content\/uploads\/2025\/11\/image-ets-bavay-1536x2048.jpeg 1536w, https:\/\/www.sepmeries.fr\/wp-content\/uploads\/2025\/11\/image-ets-bavay-scaled.jpeg 1920w\" sizes=\"(max-width: 768px) 100vw, 768px\" \/><\/figure><div class=\"wp-block-media-text__content\">\n<p>SAS BAVAY Bernard<\/p>\n\n\n\n<p><strong>T\u00e9l. : 03-27-33-11-72<\/strong><\/p>\n\n\n\n<p>197 Rue de Valenciennes, 59269 Sepmeries<\/p>\n\n\n\n<p>Travaux de ma\u00e7onnerie g\u00e9n\u00e9rale et gros \u0153uvre de b\u00e2timent<\/p>\n<\/div><\/div>\n\n\n\n<hr class=\"wp-block-separator has-alpha-channel-opacity is-style-default\"\/>\n\n\n\n<h4>Location Chambre d&rsquo;H\u00f4tes\/G\u00eete<\/h4>\n\n\n\n<div class=\"wp-block-media-text alignwide is-stacked-on-mobile\" style=\"grid-template-columns:37% auto\"><figure class=\"wp-block-media-text__media\"><img decoding=\"async\" loading=\"lazy\" width=\"450\" height=\"253\" src=\"https:\/\/wdp.sepmeries.fr\/wp-content\/uploads\/2021\/01\/Associations-CoqCo.jpg\" alt=\"\" class=\"wp-image-1030 size-full\" srcset=\"https:\/\/www.sepmeries.fr\/wp-content\/uploads\/2021\/01\/Associations-CoqCo.jpg 450w, https:\/\/www.sepmeries.fr\/wp-content\/uploads\/2021\/01\/Associations-CoqCo-300x169.jpg 300w\" sizes=\"(max-width: 450px) 100vw, 450px\" \/><\/figure><div class=\"wp-block-media-text__content\">\n<h6><strong>Au champ du Coq<\/strong> &#8211; Chambre d&rsquo;h\u00f4tes 2 personnes<\/h6>\n\n\n\n<h6><strong>Au Duc de Sep &#8211; G\u00eete 2 \u00e0 4 personnes<\/strong><\/h6>\n\n\n\n<p>248 Grand Rue, 59269 Sepmeries<\/p>\n\n\n\n<p>T\u00e9l. : <strong>06 67 82 48 22<\/strong><\/p>\n\n\n\n<p>Mail : auchampducoq@sfr.fr<\/p>\n<\/div><\/div>\n\n\n\n<h4>Location G\u00eetes<\/h4>\n\n\n\n<div class=\"wp-block-media-text alignwide is-stacked-on-mobile\" style=\"grid-template-columns:37% auto\"><figure class=\"wp-block-media-text__media\"><img decoding=\"async\" loading=\"lazy\" width=\"296\" height=\"202\" src=\"https:\/\/wdp.sepmeries.fr\/wp-content\/uploads\/2021\/01\/Brasserie-dAntan.jpg\" alt=\"\" class=\"wp-image-1027 size-full\"\/><\/figure><div class=\"wp-block-media-text__content\">\n<h6>Au Domaine de La Brasserie D&rsquo;antan <\/h6>\n\n\n\n<p>31 Grand Rue, 59269 Sepmeries<\/p>\n\n\n\n<p>T\u00e9l.: <strong>06 07 36 55 62<\/strong><\/p>\n<\/div><\/div>\n\n\n\n<hr class=\"wp-block-separator has-css-opacity\"\/>\n","protected":false},"excerpt":{"rendered":"<p>Animation &#8211; \u00c9v\u00e9nements Festi&rsquo;G T\u00e9l. : 06.60.74.70.54 172, Rue du Bas d&rsquo;Artres, 59269 SEPMERIES Nous proposons la location de structures gonflables pour tous vos \u00e9v\u00e9nements, mariages, anniversaires, bapt\u00eames communions, soir\u00e9e [&hellip;]<\/p>\n","protected":false},"author":1,"featured_media":0,"parent":0,"menu_order":0,"comment_status":"closed","ping_status":"closed","template":"","meta":[],"_links":{"self":[{"href":"https:\/\/www.sepmeries.fr\/index.php\/wp-json\/wp\/v2\/pages\/36"}],"collection":[{"href":"https:\/\/www.sepmeries.fr\/index.php\/wp-json\/wp\/v2\/pages"}],"about":[{"href":"https:\/\/www.sepmeries.fr\/index.php\/wp-json\/wp\/v2\/types\/page"}],"author":[{"embeddable":true,"href":"https:\/\/www.sepmeries.fr\/index.php\/wp-json\/wp\/v2\/users\/1"}],"replies":[{"embeddable":true,"href":"https:\/\/www.sepmeries.fr\/index.php\/wp-json\/wp\/v2\/comments?post=36"}],"version-history":[{"count":65,"href":"https:\/\/www.sepmeries.fr\/index.php\/wp-json\/wp\/v2\/pages\/36\/revisions"}],"predecessor-version":[{"id":5493,"href":"https:\/\/www.sepmeries.fr\/index.php\/wp-json\/wp\/v2\/pages\/36\/revisions\/5493"}],"wp:attachment":[{"href":"https:\/\/www.sepmeries.fr\/index.php\/wp-json\/wp\/v2\/media?parent=36"}],"curies":[{"name":"wp","href":"https:\/\/api.w.org\/{rel}","templated":true}]}}