{"id":234,"date":"2020-08-24T22:32:10","date_gmt":"2020-08-24T20:32:10","guid":{"rendered":"https:\/\/wdp.sepmeries.fr\/?page_id=234"},"modified":"2024-01-21T17:04:03","modified_gmt":"2024-01-21T16:04:03","slug":"dicrim","status":"publish","type":"page","link":"https:\/\/www.sepmeries.fr\/index.php\/dicrim\/","title":{"rendered":"Risques Majeurs Naturels et Technologiques"},"content":{"rendered":"\n<p style=\"text-align: justify;\">Tout citoyen a droit \u00e0 une information sur les risques majeurs naturels pr\u00e9visibles et technologiques auxquels il est expos\u00e9 ainsi que sur les mesures de sauvegarde qui le concernent (article L.125-2 du Code de l\u2019environnement). L\u2019\u00c9tat et la collectivit\u00e9 ont une responsabilit\u00e9 partag\u00e9e quant \u00e0 cette information. Ainsi le pr\u00e9fet et le maire contribuent \u00e0 l\u2019identification et \u00e0 l\u2019am\u00e9lioration de la connaissance sur les risques majeurs, qu\u2019ils communiquent par le biais de diff\u00e9rents outils.<\/p>\n\n\n\n<h2>Plan de Sauvegarde &#8211; DICRIM<\/h2>\n\n\n\n<h4>Document d\u2019Information Communal sur les RIsques Majeurs<\/h4>\n\n\n\n<p style=\"text-align: justify;\">Le D\u00e9cret N\u00b0 90-918 du 11 octobre 1990 modifi\u00e9 par le d\u00e9cret n\u00b0 2004-554 du 09 juin 2004, relatif \u00e0 l&rsquo;exercice du droit \u00e0 l\u2019information sur les risques majeurs, pr\u00e9cise le contenu et la forme de cette information. L&rsquo;ensemble des dispositions r\u00e9glementaires concernant le DICRIM est aujourd&rsquo;hui codifi\u00e9 au Code de l&rsquo;Environnement, article R 125-9 \u00e0 R 125-14.<\/p>\n\n\n\n<p style=\"text-align: justify;\">C\u2019est donc dans ce souci d\u2019information et de pr\u00e9vention qu&rsquo;une commission communale a \u00e9labor\u00e9 un Document d\u2019Information Communal sur les RIsques Majeurs (D.I.C.R.I.M.). Celui-ci :&nbsp;<\/p>\n\n\n\n<p><strong>&#8211; Recense les risques majeurs auxquels la commune peut \u00eatre confront\u00e9e,<\/strong><br><strong>&#8211; Explique les conditions dans lesquelles l\u2019alerte est apport\u00e9e \u00e0 la population,<br>&#8211; Pr\u00e9cise pour chacun des risques les conseils de comportements et les mesures \u00e0 prendre.&nbsp;<\/strong><\/p>\n\n\n\n<p style=\"text-align: justify;\">Ce document a pour but d&rsquo;informer les habitants de la commune sur les risques naturels et technologiques auxquels ils sont soumis.<\/p>\n\n\n\n<div class=\"wp-block-file\"><a id=\"wp-block-file--media-e402a268-d77f-409c-a857-d593c3d5e047\" href=\"https:\/\/wdp.sepmeries.fr\/wp-content\/uploads\/2020\/11\/DICRIM.pdf\">DICRIM<\/a><a href=\"https:\/\/wdp.sepmeries.fr\/wp-content\/uploads\/2020\/11\/DICRIM.pdf\" class=\"wp-block-file__button wp-element-button\" download aria-describedby=\"wp-block-file--media-e402a268-d77f-409c-a857-d593c3d5e047\">T\u00e9l\u00e9charger<\/a><\/div>\n\n\n\n<h2>Le dossier d\u00e9partemental des risques majeurs (DDRM)<\/h2>\n\n\n\n<p class=\" text-justify\">Conform\u00e9ment \u00e0 l\u2019 <a class=\"fr-link\" title=\"Visiter le site http:\/\/www.legifrance.gouv.fr\/affichCodeArticle.do?idArticle=LEGIARTI000006835053&amp;cidTexte=LEGITEXT000006074220 - nouvelle fen\u00eatre\" href=\"http:\/\/www.legifrance.gouv.fr\/affichCodeArticle.do?idArticle=LEGIARTI000006835053&amp;cidTexte=LEGITEXT000006074220\" target=\"_blank\" rel=\"noopener\" data-xiti-site=\"481993\" data-xiti-name=\"lien_externe::Le_dossier_departemental_des_risques_majeurs__DDRM_::::article_R125-11\" data-xiti-type=\"exit\" data-xiti-niv2=\"\" data-fr-js-link-actionee=\"true\">article R125-11<\/a>\u00a0du Code de l\u2019environnement, le pr\u00e9fet consigne les informations essentielles sur les risques naturels et technologiques majeurs du d\u00e9partement dans un dossier \u00e9tabli au niveau d\u00e9partemental, appel\u00e9 dossier d\u00e9partemental sur les risques majeurs (DDRM).<\/p>\n<p class=\" text-justify\">Le DDRM identifie les communes du d\u00e9partement concern\u00e9es par un ou plusieurs risques majeurs. Il d\u00e9crit\u00a0:<\/p>\n<ul>\n<li>les risques majeurs identifi\u00e9s sur le territoire des communes du d\u00e9partement,<\/li>\n<li>les cons\u00e9quences pr\u00e9visibles de ces risques pour les personnes, les biens et l\u2019environnement,<\/li>\n<li>l\u2019historique\u00a0des \u00e9v\u00e9nements et accidents connus et significatifs de l\u2019existence de ces risques majeurs,<\/li>\n<li>les mesures de pr\u00e9vention, de protection et de sauvegarde pr\u00e9vues pour limiter leurs effets.<\/li>\n<\/ul>\n<p class=\" text-justify\">Le DDRM est la premi\u00e8re \u00e9tape de l&rsquo;information pr\u00e9ventive sur les risques naturels et technologiques majeurs. Il\u00a0a vocation \u00e0 faciliter la connaissance des\u00a0risques par les citoyens concern\u00e9s.<\/p>\n<p style=\"text-align: justify;\">La connaissance des risques et les risques eux-m\u00eames continuant d\u2019\u00e9voluer, le DDRM est mise \u00e0 jour lorsque cela est n\u00e9cessaire et r\u00e9vis\u00e9 au moins tous les 5 ans.<\/p>\n\n\n\n<div class=\"wp-block-file\"><a id=\"wp-block-file--media-09a4daa5-0666-420a-b585-d547207edfc2\" href=\"https:\/\/www.sepmeries.fr\/wp-content\/uploads\/2024\/01\/DDRM-2023_v1.pdf\">DDRM-2023_v1<\/a><a href=\"https:\/\/www.sepmeries.fr\/wp-content\/uploads\/2024\/01\/DDRM-2023_v1.pdf\" class=\"wp-block-file__button wp-element-button\" download aria-describedby=\"wp-block-file--media-09a4daa5-0666-420a-b585-d547207edfc2\">T\u00e9l\u00e9charger<\/a><\/div>\n","protected":false},"excerpt":{"rendered":"<p>Tout citoyen a droit \u00e0 une information sur les risques majeurs naturels pr\u00e9visibles et technologiques auxquels il est expos\u00e9 ainsi que sur les mesures de sauvegarde qui le concernent (article [&hellip;]<\/p>\n","protected":false},"author":1,"featured_media":0,"parent":0,"menu_order":0,"comment_status":"closed","ping_status":"closed","template":"","meta":[],"_links":{"self":[{"href":"https:\/\/www.sepmeries.fr\/index.php\/wp-json\/wp\/v2\/pages\/234"}],"collection":[{"href":"https:\/\/www.sepmeries.fr\/index.php\/wp-json\/wp\/v2\/pages"}],"about":[{"href":"https:\/\/www.sepmeries.fr\/index.php\/wp-json\/wp\/v2\/types\/page"}],"author":[{"embeddable":true,"href":"https:\/\/www.sepmeries.fr\/index.php\/wp-json\/wp\/v2\/users\/1"}],"replies":[{"embeddable":true,"href":"https:\/\/www.sepmeries.fr\/index.php\/wp-json\/wp\/v2\/comments?post=234"}],"version-history":[{"count":10,"href":"https:\/\/www.sepmeries.fr\/index.php\/wp-json\/wp\/v2\/pages\/234\/revisions"}],"predecessor-version":[{"id":3826,"href":"https:\/\/www.sepmeries.fr\/index.php\/wp-json\/wp\/v2\/pages\/234\/revisions\/3826"}],"wp:attachment":[{"href":"https:\/\/www.sepmeries.fr\/index.php\/wp-json\/wp\/v2\/media?parent=234"}],"curies":[{"name":"wp","href":"https:\/\/api.w.org\/{rel}","templated":true}]}}