{"id":232,"date":"2020-08-24T22:31:58","date_gmt":"2020-08-24T20:31:58","guid":{"rendered":"https:\/\/wdp.sepmeries.fr\/?page_id=232"},"modified":"2024-11-11T21:18:45","modified_gmt":"2024-11-11T20:18:45","slug":"professionnels-de-sante","status":"publish","type":"page","link":"https:\/\/www.sepmeries.fr\/index.php\/professionnels-de-sante\/","title":{"rendered":"Nos Professionnels de Sant\u00e9"},"content":{"rendered":"\n<h4><strong>Infirmi\u00e8re lib\u00e9rale<\/strong><\/h4>\n\n\n\n<ul>\n<li>Mme <strong>Simone HENIAUX<\/strong> &#8211; 834 Rue de Valenciennes, 59269 Sepmeries &#8211; T\u00e9l. : <strong>06-84-17-45-61<\/strong><\/li>\n<\/ul>\n\n\n\n<h4><strong>Maison de Sant\u00e9 et de Bien-\u00catre HYGEIA<\/strong><\/h4>\n\n\n\n<p>31, Grand Rue 59269 SEPMERIES<\/p>\n\n\n\n<p><strong>Masseurs &#8211; Kin\u00e9sith\u00e9rapeutes<\/strong><\/p>\n\n\n\n<ul>\n<li>M. <strong>S\u00e9bastien BITSCHNAU<\/strong> &#8211; T\u00e9l. : <strong>07-67-30-20-31<\/strong><\/li>\n\n\n\n<li>Mme <strong>Julie TESSIER<\/strong> &#8211; T\u00e9l. : <strong>06-13-15-12-22<\/strong><\/li>\n\n\n\n<li>Mme <strong>Agn\u00e8s BORZYMOWSKI <\/strong>&#8211; T\u00e9l. : <strong>06-86-92-57-81<\/strong><\/li>\n<\/ul>\n\n\n\n<p><strong>Psychologue Clinicienne<\/strong><\/p>\n\n\n\n<ul>\n<li>Mme <strong>Natacha GARDRAT<\/strong> &#8211; T\u00e9l. : <strong>07-49-43-74-70<\/strong> &#8211; Courriel : naga.psychologue@gmail.com<\/li>\n<\/ul>\n\n\n\n<p><strong>Sophrologue<\/strong><\/p>\n\n\n\n<ul>\n<li>M. <strong>Allan FRANCOIS <\/strong>&#8211; T\u00e9l . : <strong>07-82-84-59-42<\/strong> &#8211; Courriel : allan.sophro@gmail.com<\/li>\n<\/ul>\n","protected":false},"excerpt":{"rendered":"<p>Infirmi\u00e8re lib\u00e9rale Maison de Sant\u00e9 et de Bien-\u00catre HYGEIA 31, Grand Rue 59269 SEPMERIES Masseurs &#8211; Kin\u00e9sith\u00e9rapeutes Psychologue Clinicienne Sophrologue<\/p>\n","protected":false},"author":1,"featured_media":0,"parent":0,"menu_order":0,"comment_status":"closed","ping_status":"closed","template":"","meta":[],"_links":{"self":[{"href":"https:\/\/www.sepmeries.fr\/index.php\/wp-json\/wp\/v2\/pages\/232"}],"collection":[{"href":"https:\/\/www.sepmeries.fr\/index.php\/wp-json\/wp\/v2\/pages"}],"about":[{"href":"https:\/\/www.sepmeries.fr\/index.php\/wp-json\/wp\/v2\/types\/page"}],"author":[{"embeddable":true,"href":"https:\/\/www.sepmeries.fr\/index.php\/wp-json\/wp\/v2\/users\/1"}],"replies":[{"embeddable":true,"href":"https:\/\/www.sepmeries.fr\/index.php\/wp-json\/wp\/v2\/comments?post=232"}],"version-history":[{"count":8,"href":"https:\/\/www.sepmeries.fr\/index.php\/wp-json\/wp\/v2\/pages\/232\/revisions"}],"predecessor-version":[{"id":4585,"href":"https:\/\/www.sepmeries.fr\/index.php\/wp-json\/wp\/v2\/pages\/232\/revisions\/4585"}],"wp:attachment":[{"href":"https:\/\/www.sepmeries.fr\/index.php\/wp-json\/wp\/v2\/media?parent=232"}],"curies":[{"name":"wp","href":"https:\/\/api.w.org\/{rel}","templated":true}]}}