{"id":20,"date":"2020-08-01T15:01:29","date_gmt":"2020-08-01T13:01:29","guid":{"rendered":"https:\/\/wdp.sepmeries.fr\/?page_id=20"},"modified":"2026-04-02T23:15:06","modified_gmt":"2026-04-02T21:15:06","slug":"accueil","status":"publish","type":"page","link":"https:\/\/www.sepmeries.fr\/","title":{"rendered":"Accueil"},"content":{"rendered":"\n<h3>Actualit\u00e9s<\/h3>\n\n\n\n<hr class=\"wp-block-separator has-css-opacity is-style-wide\"\/>\n\n\n<ul class=\"wp-block-latest-posts__list is-grid columns-5 has-dates wp-block-latest-posts\"><li><div class=\"wp-block-latest-posts__featured-image alignleft\"><img width=\"150\" height=\"150\" src=\"https:\/\/www.sepmeries.fr\/wp-content\/uploads\/2022\/11\/Prochain-Conseil-Municipal-150x150.jpg\" class=\"attachment-thumbnail size-thumbnail wp-post-image\" alt=\"\" decoding=\"async\" loading=\"lazy\" style=\"max-width:125px;max-height:125px;\" \/><\/div><a class=\"wp-block-latest-posts__post-title\" href=\"https:\/\/www.sepmeries.fr\/index.php\/2026\/04\/24\/reunion-de-conseil-municipal-lundi-27-avril-2026\/\">R\u00e9union de conseil municipal &#8211; Lundi 27 avril 2026<\/a><time datetime=\"2026-04-24T17:29:06+02:00\" class=\"wp-block-latest-posts__post-date\">24 avril 2026<\/time><\/li>\n<li><div class=\"wp-block-latest-posts__featured-image alignleft\"><img width=\"150\" height=\"150\" src=\"https:\/\/www.sepmeries.fr\/wp-content\/uploads\/2020\/12\/unnamed-150x150.jpg\" class=\"attachment-thumbnail size-thumbnail wp-post-image\" alt=\"\" decoding=\"async\" loading=\"lazy\" style=\"max-width:125px;max-height:125px;\" \/><\/div><a class=\"wp-block-latest-posts__post-title\" href=\"https:\/\/www.sepmeries.fr\/index.php\/2026\/04\/09\/arretes-delegations-des-adjoints\/\">Arr\u00eat\u00e9s D\u00e9l\u00e9gations des Adjoints<\/a><time datetime=\"2026-04-09T18:31:39+02:00\" class=\"wp-block-latest-posts__post-date\">9 avril 2026<\/time><\/li>\n<li><div class=\"wp-block-latest-posts__featured-image alignleft\"><img width=\"150\" height=\"150\" src=\"https:\/\/www.sepmeries.fr\/wp-content\/uploads\/2020\/09\/conseil-municpal-proces_verbaux-480x250-1-e1600188090576-150x150.png\" class=\"attachment-thumbnail size-thumbnail wp-post-image\" alt=\"\" decoding=\"async\" loading=\"lazy\" style=\"max-width:125px;max-height:125px;\" \/><\/div><a class=\"wp-block-latest-posts__post-title\" href=\"https:\/\/www.sepmeries.fr\/index.php\/2026\/03\/30\/proces-verbal-du-20-janvier-2026\/\">Proc\u00e8s-verbal du 20 janvier 2026<\/a><time datetime=\"2026-03-30T19:20:30+02:00\" class=\"wp-block-latest-posts__post-date\">30 mars 2026<\/time><\/li>\n<li><div class=\"wp-block-latest-posts__featured-image alignleft\"><img width=\"150\" height=\"150\" src=\"https:\/\/www.sepmeries.fr\/wp-content\/uploads\/2022\/12\/conseil-municipal-1200x630-RVB-150x150.jpg\" class=\"attachment-thumbnail size-thumbnail wp-post-image\" alt=\"\" decoding=\"async\" loading=\"lazy\" style=\"max-width:125px;max-height:125px;\" \/><\/div><a class=\"wp-block-latest-posts__post-title\" href=\"https:\/\/www.sepmeries.fr\/index.php\/2026\/03\/29\/liste-des-deliberations-examinees-par-le-conseil-municipal-en-date-du-27-mars-2026\/\">Liste des d\u00e9lib\u00e9rations examin\u00e9es par le conseil municipal en date du 27 mars 2026<\/a><time datetime=\"2026-03-29T13:37:45+02:00\" class=\"wp-block-latest-posts__post-date\">29 mars 2026<\/time><\/li>\n<li><div class=\"wp-block-latest-posts__featured-image alignleft\"><img width=\"150\" height=\"150\" src=\"https:\/\/www.sepmeries.fr\/wp-content\/uploads\/2022\/12\/conseil-municipal-1200x630-RVB-150x150.jpg\" class=\"attachment-thumbnail size-thumbnail wp-post-image\" alt=\"\" decoding=\"async\" loading=\"lazy\" style=\"max-width:125px;max-height:125px;\" \/><\/div><a class=\"wp-block-latest-posts__post-title\" href=\"https:\/\/www.sepmeries.fr\/index.php\/2026\/03\/23\/liste-des-deliberations-examinees-par-le-conseil-municipal-en-date-du-22-mars-2026\/\">Liste des d\u00e9lib\u00e9rations examin\u00e9es par le conseil municipal en date du 22 mars 2026<\/a><time datetime=\"2026-03-23T13:47:35+01:00\" class=\"wp-block-latest-posts__post-date\">23 mars 2026<\/time><\/li>\n<\/ul>\n\n\n<h3>Le Mot du Maire<\/h3>\n\n\n\n<hr class=\"wp-block-separator has-css-opacity is-style-wide\"\/>\n\n\n\n<p>Ch\u00e8res habitantes, chers habitants,<\/p>\n\n\n\n<p style=\"text-align: justify;\">C\u2019est avec une immense fiert\u00e9 et un profond sens des responsabilit\u00e9s que je m\u2019adresse \u00e0 vous en tant que maire de notre commune. \u00catre de nouveau choisi pour conduire, avec l\u2019\u00e9quipe municipale, la destin\u00e9e de notre village est un honneur qui me touche sinc\u00e8rement. Je remercie chaleureusement les conseillers pour leur confiance, ainsi que les 57,50 % de nos concitoyens qui se sont d\u00e9plac\u00e9s pour voter.<br \/>Par votre participation et votre soutien, vous nous confiez un mandat clair pour les six ann\u00e9es \u00e0 venir. Cette confiance est pour moi \u2013 pour nous tous \u2013 un engagement fort.<\/p>\n<p>Avril marque l\u2019arriv\u00e9e du printemps : la nature rena\u00eet, les jardins reprennent des couleurs et notre cadre de vie s\u2019anime. C\u2019est le moment id\u00e9al pour profiter de notre village et participer aux animations propos\u00e9es tout au long du mois.<\/p>\n<p style=\"text-align: justify;\">Nous ouvrirons ce mois avec les festivit\u00e9s de P\u00e2ques, symbole de renouveau et de partage. Je vous invite, petits et grands, \u00e0 rejoindre la Motte castrale le <strong>lundi 6 avril \u00e0 10h00<\/strong> pour la traditionnelle chasse aux \u0153ufs.<\/p>\n<p style=\"text-align: justify;\">Les vacances de printemps offriront \u00e9galement aux familles l\u2019occasion de se retrouver et de profiter des activit\u00e9s organis\u00e9es par l\u2019Accueil de Loisirs du Pays de Mormal, qui a pr\u00e9par\u00e9 un programme riche pour nos jeunes.<\/p>\n<p style=\"text-align: justify;\">Les <strong>25 et 26 avril<\/strong>, la soci\u00e9t\u00e9 de chasse de Sepmeries proposera son traditionnel <strong>Ball-Trap<\/strong>, un rendez-vous convivial devenu incontournable.<\/p>\n<p style=\"text-align: justify;\">Ce d\u00e9but de mandat est un temps d\u2019\u00e9coute, de dialogue et de construction. Avec l\u2019ensemble de l\u2019\u00e9quipe municipale, nous travaillons avec d\u00e9termination pour mettre en \u0153uvre les engagements pris devant vous et r\u00e9pondre aux d\u00e9fis du quotidien.<\/p>\n<p style=\"text-align: justify;\">Votre participation, vos remarques et vos suggestions sont essentielles. N\u2019h\u00e9sitez pas \u00e0 venir nous rencontrer lors de nos permanences ou \u00e0 nous faire part de vos pr\u00e9occupations.<\/p>\n<p style=\"text-align: justify;\">Ensemble, construisons l\u2019avenir de notre commune avec enthousiasme et d\u00e9termination.<\/p>\n<p>\u00a0 \u00a0 \u00a0 \u00a0 \u00a0 \u00a0 \u00a0 \u00a0 \u00a0 \u00a0 \u00a0 \u00a0 \u00a0 \u00a0 \u00a0 \u00a0 \u00a0 \u00a0 \u00a0 \u00a0 \u00a0 \u00a0 \u00a0 \u00a0 \u00a0 \u00a0 \u00a0 \u00a0 \u00a0 \u00a0 \u00a0 \u00a0 \u00a0 \u00a0 \u00a0 \u00a0 \u00a0 \u00a0 \u00a0 \u00a0 \u00a0 \u00a0 \u00a0 \u00a0 \u00a0 \u00a0 \u00a0 \u00a0 \u00a0 \u00a0 \u00a0 \u00a0 \u00a0 \u00a0 \u00a0 \u00a0 \u00a0 \u00a0 \u00a0 \u00a0 \u00a0 \u00a0 \u00a0 \u00a0 \u00a0 \u00a0 \u00a0 \u00a0 \u00a0 \u00a0 Thierry SOSZYNSKI<\/p>\n<p>\u00a0 \u00a0 \u00a0 \u00a0 \u00a0 \u00a0 \u00a0 \u00a0 \u00a0 \u00a0 \u00a0 \u00a0 \u00a0 \u00a0 \u00a0 \u00a0 \u00a0 \u00a0 \u00a0 \u00a0 \u00a0 \u00a0 \u00a0 \u00a0 \u00a0 \u00a0 \u00a0 \u00a0 \u00a0 \u00a0 \u00a0 \u00a0 \u00a0 \u00a0 \u00a0 \u00a0 \u00a0 \u00a0 \u00a0 \u00a0 \u00a0 \u00a0 \u00a0 \u00a0 \u00a0 \u00a0 \u00a0 \u00a0 \u00a0 \u00a0 \u00a0 \u00a0 \u00a0 \u00a0 \u00a0 \u00a0 \u00a0 \u00a0 \u00a0 \u00a0 \u00a0 \u00a0 \u00a0 \u00a0 \u00a0 \u00a0 \u00a0 \u00a0 \u00a0 \u00a0Maire de SEPMERIES<\/p>\n","protected":false},"excerpt":{"rendered":"<p>Actualit\u00e9s Le Mot du Maire Ch\u00e8res habitantes, chers habitants, C\u2019est avec une immense fiert\u00e9 et un profond sens des responsabilit\u00e9s que je m\u2019adresse \u00e0 vous en tant que maire de [&hellip;]<\/p>\n","protected":false},"author":1,"featured_media":0,"parent":0,"menu_order":0,"comment_status":"closed","ping_status":"closed","template":"","meta":[],"_links":{"self":[{"href":"https:\/\/www.sepmeries.fr\/index.php\/wp-json\/wp\/v2\/pages\/20"}],"collection":[{"href":"https:\/\/www.sepmeries.fr\/index.php\/wp-json\/wp\/v2\/pages"}],"about":[{"href":"https:\/\/www.sepmeries.fr\/index.php\/wp-json\/wp\/v2\/types\/page"}],"author":[{"embeddable":true,"href":"https:\/\/www.sepmeries.fr\/index.php\/wp-json\/wp\/v2\/users\/1"}],"replies":[{"embeddable":true,"href":"https:\/\/www.sepmeries.fr\/index.php\/wp-json\/wp\/v2\/comments?post=20"}],"version-history":[{"count":96,"href":"https:\/\/www.sepmeries.fr\/index.php\/wp-json\/wp\/v2\/pages\/20\/revisions"}],"predecessor-version":[{"id":5537,"href":"https:\/\/www.sepmeries.fr\/index.php\/wp-json\/wp\/v2\/pages\/20\/revisions\/5537"}],"wp:attachment":[{"href":"https:\/\/www.sepmeries.fr\/index.php\/wp-json\/wp\/v2\/media?parent=20"}],"curies":[{"name":"wp","href":"https:\/\/api.w.org\/{rel}","templated":true}]}}