{"id":188,"date":"2020-08-24T22:17:14","date_gmt":"2020-08-24T20:17:14","guid":{"rendered":"https:\/\/wdp.sepmeries.fr\/?page_id=188"},"modified":"2025-10-13T17:12:07","modified_gmt":"2025-10-13T15:12:07","slug":"demande-de-subvention","status":"publish","type":"page","link":"https:\/\/www.sepmeries.fr\/index.php\/demande-de-subvention\/","title":{"rendered":"Demande de Subvention"},"content":{"rendered":"\n<p>Le dossier est \u00e0 d\u00e9poser en Mairie <strong>avant le 21 novembre 2025<\/strong>.<\/p>\n\n\n\n<hr class=\"wp-block-separator has-css-opacity\"\/>\n\n\n\n<p style=\"text-align: justify;\">Dans le cadre de notre soutien aux associations locales, une subvention de fonctionnement globale a \u00e9t\u00e9 accord\u00e9e aux associations ayant d\u00e9j\u00e0 exerc\u00e9 une activit\u00e9 et dont le projet et les actions pr\u00e9sentent un int\u00e9r\u00eat public local.<\/p>\n\n\n\n<p style=\"text-align: justify;\">Le versement de cette subvention est conditionn\u00e9 au fait de nous faire parvenir le document ci-dessous et les documents suivants avant le 21 novembre 2025 :<\/p>\n\n\n\n<ul>\n<li style=\"text-align: justify;\">La liste \u00e0 jour des membres du bureau de\u00a0l&rsquo;association en pr\u00e9cisant la fonction de chacun,<\/li>\n<li>Le rapport annuel d&rsquo;activit\u00e9 soumis \u00e0 l&rsquo;assembl\u00e9e g\u00e9n\u00e9rale (AG) de l&rsquo;association ou le descriptif des actions men\u00e9es l&rsquo;ann\u00e9e ant\u00e9rieure (2024),<\/li>\n<li>Le proc\u00e8s-verbal de l&rsquo;assembl\u00e9e g\u00e9n\u00e9rale (AG) de l&rsquo;association approuvant les comptes 2024,<\/li>\n<li>Le compte de r\u00e9sultat de l\u2019ann\u00e9e \u00e9coul\u00e9e (2024) certifi\u00e9 par le Pr\u00e9sident de l&rsquo;association,<\/li>\n<li>Le relev\u00e9 de banque attestant du solde du compte au moment de la cl\u00f4ture de l\u2019exercice 2024,<\/li>\n<li>La description des projets de l&rsquo;association pour l&rsquo;ann\u00e9e 2025,<\/li>\n<li>Le budget pr\u00e9visionnel 2025 de l&rsquo;association,<\/li>\n<li>Le relev\u00e9 d&rsquo;identit\u00e9 bancaire ou postal \u00e9tabli au nom de\u00a0l&rsquo;association, sous\u00a0l&rsquo;intitul\u00e9 exact statutaire d\u00e9clar\u00e9.<\/li>\n<li>En cas d\u2019assembl\u00e9e g\u00e9n\u00e9rale extraordinaire (AGE) le descriptif des d\u00e9cisions prises,<\/li>\n<li>Contrat d&rsquo;engagement r\u00e9publicain.<\/li>\n<\/ul>\n\n\n\n<p><br><\/p>\n\n\n\n<div class=\"wp-block-file\"><a id=\"wp-block-file--media-41abd0de-1304-42c5-bfbc-7465748eada0\" href=\"https:\/\/www.sepmeries.fr\/wp-content\/uploads\/2025\/10\/Dossier_de_subvention_2025-vf.pdf\">Dossier_de_subvention_2025-vf<\/a><a href=\"https:\/\/www.sepmeries.fr\/wp-content\/uploads\/2025\/10\/Dossier_de_subvention_2025-vf.pdf\" class=\"wp-block-file__button wp-element-button\" download aria-describedby=\"wp-block-file--media-41abd0de-1304-42c5-bfbc-7465748eada0\">T\u00e9l\u00e9charger<\/a><\/div>\n\n\n\n<div class=\"wp-block-file\"><a id=\"wp-block-file--media-19b051b9-4d45-4f79-9346-c2859b0f016f\" href=\"https:\/\/www.sepmeries.fr\/wp-content\/uploads\/2022\/11\/SEPMERIES_Contrat-Engagement-Republicain.pdf\">SEPMERIES_Contrat-Engagement-R\u00e9publicain<\/a><a href=\"https:\/\/www.sepmeries.fr\/wp-content\/uploads\/2022\/11\/SEPMERIES_Contrat-Engagement-Republicain.pdf\" class=\"wp-block-file__button wp-element-button\" download aria-describedby=\"wp-block-file--media-19b051b9-4d45-4f79-9346-c2859b0f016f\">T\u00e9l\u00e9charger<\/a><\/div>\n\n\n\n<p><\/p>\n","protected":false},"excerpt":{"rendered":"<p>Le dossier est \u00e0 d\u00e9poser en Mairie avant le 21 novembre 2025. Dans le cadre de notre soutien aux associations locales, une subvention de fonctionnement globale a \u00e9t\u00e9 accord\u00e9e aux [&hellip;]<\/p>\n","protected":false},"author":1,"featured_media":0,"parent":0,"menu_order":0,"comment_status":"closed","ping_status":"closed","template":"","meta":[],"_links":{"self":[{"href":"https:\/\/www.sepmeries.fr\/index.php\/wp-json\/wp\/v2\/pages\/188"}],"collection":[{"href":"https:\/\/www.sepmeries.fr\/index.php\/wp-json\/wp\/v2\/pages"}],"about":[{"href":"https:\/\/www.sepmeries.fr\/index.php\/wp-json\/wp\/v2\/types\/page"}],"author":[{"embeddable":true,"href":"https:\/\/www.sepmeries.fr\/index.php\/wp-json\/wp\/v2\/users\/1"}],"replies":[{"embeddable":true,"href":"https:\/\/www.sepmeries.fr\/index.php\/wp-json\/wp\/v2\/comments?post=188"}],"version-history":[{"count":11,"href":"https:\/\/www.sepmeries.fr\/index.php\/wp-json\/wp\/v2\/pages\/188\/revisions"}],"predecessor-version":[{"id":5266,"href":"https:\/\/www.sepmeries.fr\/index.php\/wp-json\/wp\/v2\/pages\/188\/revisions\/5266"}],"wp:attachment":[{"href":"https:\/\/www.sepmeries.fr\/index.php\/wp-json\/wp\/v2\/media?parent=188"}],"curies":[{"name":"wp","href":"https:\/\/api.w.org\/{rel}","templated":true}]}}