{"id":186,"date":"2020-08-24T22:17:00","date_gmt":"2020-08-24T20:17:00","guid":{"rendered":"https:\/\/wdp.sepmeries.fr\/?page_id=186"},"modified":"2025-05-12T21:42:47","modified_gmt":"2025-05-12T19:42:47","slug":"demarches-administratives","status":"publish","type":"page","link":"https:\/\/www.sepmeries.fr\/index.php\/demarches-administratives\/","title":{"rendered":"D\u00e9marches Administratives"},"content":{"rendered":"\n<h5>Comment cr\u00e9er une association \u00e0 but non lucratif ?<\/h5>\n\n\n\n<p style=\"text-align: justify;\">En vertu du principe de la libert\u00e9 d&rsquo;association, une association peut fonctionner sans \u00eatre d\u00e9clar\u00e9e. Dans ce cas, elle n&rsquo;existe pas en tant que personne morale et tous ses biens, de m\u00eame que ses moyens de fonctionnement, sont la propri\u00e9t\u00e9 collective de tous les membres.<\/p>\n\n\n\n<h5>Int\u00e9r\u00eat \u00e0 d\u00e9clarer l\u00e9galement l\u2019existence d\u2019une association<\/h5>\n\n\n\n<p style=\"text-align: justify;\">Pour avoir la capacit\u00e9 juridique, c&rsquo;est \u00e0 dire, pour pouvoir par exemple demander des subventions, soutenir une action en justice, acheter ou vendre en son nom, une association doit \u00eatre rendue publique. Cela implique deux formalit\u00e9s : la d\u00e9claration \u00e0 la pr\u00e9fecture ou \u00e0 la sous-pr\u00e9fecture, la publicit\u00e9 de cet acte par une insertion au Journal Officiel.<\/p>\n\n\n\n<h5>Proc\u00e9dure de d\u00e9claration<\/h5>\n\n\n\n<p style=\"text-align: justify;\">La d\u00e9claration de l&rsquo;association est faite \u00e0 la pr\u00e9fecture du d\u00e9partement ou \u00e0 la sous-pr\u00e9fecture de l&rsquo;arrondissement o\u00f9 se situe le si\u00e8ge de l&rsquo;association. La d\u00e9claration doit contenir les informations suivantes :<\/p>\n<p style=\"text-align: justify;\">\u2022 le titre de l&rsquo;association, exact et complet, suivi du sigle s&rsquo;il y a lieu,<br>\u2022 son objet,<br>\u2022 l&rsquo;adresse de son si\u00e8ge social,<br>\u2022 les noms, professions, domiciles et nationalit\u00e9s des personnes qui, \u00e0 un titre quelconque, sont charg\u00e9es de son administration,<br>\u2022 un exemplaire de ses statuts dat\u00e9 et certifi\u00e9 conforme par au moins deux personnes ou membres fondateurs.<\/p>\n<p style=\"text-align: justify;\">Le dossier peut \u00eatre d\u00e9pos\u00e9 au guichet.<br>L&rsquo;acte de d\u00e9claration est gratuit.<\/p>\n\n\n\n<h5>R\u00e9c\u00e9piss\u00e9 remis par l\u2019administration<\/h5>\n\n\n\n<p style=\"text-align: justify;\">Un r\u00e9c\u00e9piss\u00e9 est adress\u00e9 par l&rsquo;administration dans les cinq jours qui suivent la remise du dossier complet. Il mentionne la date de d\u00e9p\u00f4t de la d\u00e9claration compl\u00e8te.<\/p>\n\n\n\n<h5>Insertion au journal officiel<\/h5>\n\n\n\n<p style=\"text-align: justify;\">Toutes les demandes de cr\u00e9ation, modification ou dissolution d\u2019association doivent obligatoirement \u00eatre d\u00e9pos\u00e9es \u00e0 la pr\u00e9fecture ou sous pr\u00e9fecture.<br>Celle-ci se charge de transmettre la demande de publication \u00e0 la Direction du Journal officiel. Les informations sont publi\u00e9es au Journal officiel (version papier et version en ligne sur le site internet).<\/p>\n\n\n\n<h5>LES STATUTS<\/h5>\n\n\n\n<p style=\"text-align: justify;\"><strong>A quoi servent les statuts ?<\/strong><\/p>\n<p style=\"text-align: justify;\">Ils fixent les modalit\u00e9s de fonctionnement interne de l&rsquo;association.<br>Ils sont obligatoires pour les associations d\u00e9clar\u00e9es, mais importants pour toute association,m\u00eame non d\u00e9clar\u00e9e.<br>Il n&rsquo;existe pas de statuts type, mais la pr\u00e9fecture ou la sous-pr\u00e9fecture peuvent fournir un mod\u00e8le \u00e0 titre indicatif.<\/p>\n<p style=\"text-align: justify;\"><strong>Les statuts comportent g\u00e9n\u00e9ralement :<\/strong><\/p>\n<p style=\"text-align: justify;\">Le nom, l&rsquo;objet et le si\u00e8ge social de l&rsquo;association, Les diff\u00e9rentes cat\u00e9gories de membres (membres fondateurs, bienfaiteurs,\u2026),<br>Les conditions d&rsquo;admission,<br>La composition et les conditions d&rsquo;\u00e9lection des membres du conseil d&rsquo;administration,<br>La composition et le r\u00f4le de l&rsquo;assembl\u00e9e g\u00e9n\u00e9rale,<br>Les modalit\u00e9s de constitution du bureau,<br>Les modalit\u00e9s de dissolution.<br>Les statuts sont compl\u00e9t\u00e9s le cas \u00e9ch\u00e9ant par le r\u00e8glement int\u00e9rieur, qui fixe les dispositions en d\u00e9tail.<\/p>\n<p style=\"text-align: justify;\"><strong>Modification des statuts<\/strong><\/p>\n<p style=\"text-align: justify;\">Tous les changements survenus dans l&rsquo;administration de l&rsquo;association, ainsi que toutes les modifications apport\u00e9es \u00e0 ses statuts, doivent \u00eatre d\u00e9clar\u00e9s \u00e0 la pr\u00e9fecture dans les trois mois.<br>Ils doivent \u00eatre en outre consign\u00e9s dans un registre sp\u00e9cial. Ce registre doit \u00eatre tenu \u00e0 la disposition des autorit\u00e9s administratives ou judiciaires chaque fois qu&rsquo;elles en feront la demande.<br>Tout changement peut faire l&rsquo;objet de la publication d&rsquo;un rectificatif au Journal Officiel, mais ce n&rsquo;est pas obligatoire.<br><br><strong>Comment consulter les statuts d\u2019une association ?<\/strong><\/p>\n<p style=\"text-align: justify;\">Le particulier qui souhaite consulter les statuts d&rsquo;une association doit se d\u00e9placer \u00e0 la pr\u00e9fecture o\u00f9 les statuts ont \u00e9t\u00e9 d\u00e9pos\u00e9s. Il n&rsquo;existe pas de consultation par correspondance ou sur internet.<\/p>\n\n\n\n<hr class=\"wp-block-separator has-alpha-channel-opacity\"\/>\n\n\n\n<h4>R\u00e8glement affichage des associations<\/h4>\n\n\n\n<p style=\"text-align: justify;\">Ci-dessous la brochure de communication relative au RLPI qui explique les r\u00e8gles d&rsquo;implantation de publicit\u00e9 et de pr\u00e9enseigne pour les associations afin d\u2019annoncer les \u00e9v\u00e9nements qu\u2019elles organisent.<\/p>\n<p style=\"text-align: justify;\">Pour rappel, le pouvoir de police de la publicit\u00e9 \u00e9tant transf\u00e9r\u00e9 \u00e0 la communaut\u00e9 de communes du pays de Mormal, seuls les agents asserment\u00e9s de la CCPM peuvent intervenir sur les dispositifs sur les voies communales en suivant des proc\u00e9dures administratives. En cas de non-respect des r\u00e9glementations du RLPI et du Code de l\u2019Environnement, des sanctions peuvent \u00eatre appliqu\u00e9es, allant de l\u2019amende \u00e0 l\u2019obligation de retirer le dispositif aux frais du contrevenant.<\/p>\n\n\n\n<div class=\"wp-block-file\"><a id=\"wp-block-file--media-c80df8ed-b348-4ad5-902a-53946e689dfa\" href=\"https:\/\/www.sepmeries.fr\/wp-content\/uploads\/2025\/05\/FLYER_RLPi_ASSOCIATIONS_V2.pdf\" target=\"_blank\" rel=\"noreferrer noopener\">FLYER_RLPi_ASSOCIATIONS_V2<\/a><a href=\"https:\/\/www.sepmeries.fr\/wp-content\/uploads\/2025\/05\/FLYER_RLPi_ASSOCIATIONS_V2.pdf\" class=\"wp-block-file__button wp-element-button\" download aria-describedby=\"wp-block-file--media-c80df8ed-b348-4ad5-902a-53946e689dfa\">T\u00e9l\u00e9charger<\/a><\/div>\n","protected":false},"excerpt":{"rendered":"<p>Comment cr\u00e9er une association \u00e0 but non lucratif ? En vertu du principe de la libert\u00e9 d&rsquo;association, une association peut fonctionner sans \u00eatre d\u00e9clar\u00e9e. Dans ce cas, elle n&rsquo;existe pas [&hellip;]<\/p>\n","protected":false},"author":1,"featured_media":0,"parent":0,"menu_order":0,"comment_status":"closed","ping_status":"closed","template":"","meta":[],"_links":{"self":[{"href":"https:\/\/www.sepmeries.fr\/index.php\/wp-json\/wp\/v2\/pages\/186"}],"collection":[{"href":"https:\/\/www.sepmeries.fr\/index.php\/wp-json\/wp\/v2\/pages"}],"about":[{"href":"https:\/\/www.sepmeries.fr\/index.php\/wp-json\/wp\/v2\/types\/page"}],"author":[{"embeddable":true,"href":"https:\/\/www.sepmeries.fr\/index.php\/wp-json\/wp\/v2\/users\/1"}],"replies":[{"embeddable":true,"href":"https:\/\/www.sepmeries.fr\/index.php\/wp-json\/wp\/v2\/comments?post=186"}],"version-history":[{"count":11,"href":"https:\/\/www.sepmeries.fr\/index.php\/wp-json\/wp\/v2\/pages\/186\/revisions"}],"predecessor-version":[{"id":4983,"href":"https:\/\/www.sepmeries.fr\/index.php\/wp-json\/wp\/v2\/pages\/186\/revisions\/4983"}],"wp:attachment":[{"href":"https:\/\/www.sepmeries.fr\/index.php\/wp-json\/wp\/v2\/media?parent=186"}],"curies":[{"name":"wp","href":"https:\/\/api.w.org\/{rel}","templated":true}]}}