{"id":184,"date":"2020-08-24T22:16:45","date_gmt":"2020-08-24T20:16:45","guid":{"rendered":"https:\/\/wdp.sepmeries.fr\/?page_id=184"},"modified":"2025-04-13T18:11:59","modified_gmt":"2025-04-13T16:11:59","slug":"annuaire-des-associations","status":"publish","type":"page","link":"https:\/\/www.sepmeries.fr\/index.php\/annuaire-des-associations\/","title":{"rendered":"Annuaire des Associations"},"content":{"rendered":"\n<p>Association des Anciens Combattants U.N.C. <\/p>\n\n\n\n<p>Association de Chasse \u00ab&nbsp;L\u2019entente&nbsp;\u00bb<\/p>\n\n\n\n<p>Association de Chasse SEPMERIES<\/p>\n\n\n\n<p>Association Club des 7 Riots (A\u00een\u00e9s)<\/p>\n\n\n\n<p>Association Comit\u00e9 des F\u00eates &#8211; Caf\u00e9 associatif de SEPMERIES \u00ab\u00a0Entr&rsquo;Amis\u00a0\u00bb<\/p>\n\n\n\n<p>Association SEPMERIES FESTIF<\/p>\n\n\n\n<p>Association GYM DANSE FITNESS A SEPMERIES TOUS ENSEMBLE \u2013 <a rel=\"noreferrer noopener\" href=\"https:\/\/gdfste.jimdofree.com\/\" target=\"_blank\">https:\/\/gdfste.jimdofree.com\/<\/a><\/p>\n\n\n\n<p>Association MORMAL RENCONTRES<\/p>\n\n\n\n<p>Association Sant\u00e9 et Bien-\u00catre HYGEA<\/p>\n\n\n\n<p>Association USEP des Reinettes (APE)<\/p>\n","protected":false},"excerpt":{"rendered":"<p>Association des Anciens Combattants U.N.C. Association de Chasse \u00ab&nbsp;L\u2019entente&nbsp;\u00bb Association de Chasse SEPMERIES Association Club des 7 Riots (A\u00een\u00e9s) Association Comit\u00e9 des F\u00eates &#8211; Caf\u00e9 associatif de SEPMERIES \u00ab\u00a0Entr&rsquo;Amis\u00a0\u00bb Association [&hellip;]<\/p>\n","protected":false},"author":1,"featured_media":0,"parent":0,"menu_order":0,"comment_status":"closed","ping_status":"closed","template":"","meta":[],"_links":{"self":[{"href":"https:\/\/www.sepmeries.fr\/index.php\/wp-json\/wp\/v2\/pages\/184"}],"collection":[{"href":"https:\/\/www.sepmeries.fr\/index.php\/wp-json\/wp\/v2\/pages"}],"about":[{"href":"https:\/\/www.sepmeries.fr\/index.php\/wp-json\/wp\/v2\/types\/page"}],"author":[{"embeddable":true,"href":"https:\/\/www.sepmeries.fr\/index.php\/wp-json\/wp\/v2\/users\/1"}],"replies":[{"embeddable":true,"href":"https:\/\/www.sepmeries.fr\/index.php\/wp-json\/wp\/v2\/comments?post=184"}],"version-history":[{"count":14,"href":"https:\/\/www.sepmeries.fr\/index.php\/wp-json\/wp\/v2\/pages\/184\/revisions"}],"predecessor-version":[{"id":4921,"href":"https:\/\/www.sepmeries.fr\/index.php\/wp-json\/wp\/v2\/pages\/184\/revisions\/4921"}],"wp:attachment":[{"href":"https:\/\/www.sepmeries.fr\/index.php\/wp-json\/wp\/v2\/media?parent=184"}],"curies":[{"name":"wp","href":"https:\/\/api.w.org\/{rel}","templated":true}]}}