{"id":180,"date":"2020-08-24T22:16:04","date_gmt":"2020-08-24T20:16:04","guid":{"rendered":"https:\/\/wdp.sepmeries.fr\/?page_id=180"},"modified":"2026-04-06T19:26:43","modified_gmt":"2026-04-06T17:26:43","slug":"dechetterie","status":"publish","type":"page","link":"https:\/\/www.sepmeries.fr\/index.php\/dechetterie\/","title":{"rendered":"D\u00e9chetterie"},"content":{"rendered":"\n<p><strong>Comment ?<\/strong><br>L\u2019usager dispose d\u2019un badge pour acc\u00e9der en d\u00e9chetterie.<\/p>\n\n\n\n<p>Tous les renseignements pour obtenir une carte d&rsquo;acc\u00e8s et consulter le r\u00e8glement des d\u00e9chetteries sur le site : <a id=\"OWAe3e5c179-9f34-0a77-36f8-54d187728863_oo_editor_Editor_2_sandBox_sandBox \" class=\"x_OWAAutoLink_oo_editor_Editor_2_sandBox  x_ContentPasted0_oo_editor_Editor_2_sandBox\" href=\"https:\/\/www.siaved.fr\/votre-carte-d-acces\" target=\"_blank\" rel=\"noopener\"> https:\/\/www.siaved.fr\/votre-carte-d-acces<\/a><\/p>\n\n\n\n<p><\/p>\n\n\n\n<p><strong>Conform\u00e9ment au r\u00e8glement des d\u00e9chetteries et pour un meilleur service&nbsp;:<\/strong><\/p>\n\n\n\n<ul>\n<li><strong>\u200bLes professionnels et les collectivit\u00e9s*<\/strong> (du territoire de la CCPM) ne sont <strong>plus accept\u00e9s le samedi (toute la journ\u00e9e) et le lundi matin.<\/strong><\/li>\n<\/ul>\n\n\n\n<p><em>&nbsp;* La d\u00e9chetterie de Poix-du-nord n\u2019est pas en mesure, pour des raisons de s\u00e9curit\u00e9 d\u2019accueillir les professionnels et les collectivit\u00e9s.<\/em><br>&nbsp;<\/p>\n\n\n\n<ul>\n<li><strong>Les v\u00e9hicules de plus de 3.5 tonnes PTAC ne sont pas autoris\u00e9s sur les sites. <\/strong>\u200b<strong><a href=\"https:\/\/www.cc-paysdemormal.fr\/cache\/fichs_declinaison\/12045_2.png\"><\/a><\/strong><br>&nbsp;<\/li>\n\n\n\n<li><strong>Les d\u00e9p\u00f4ts sont limit\u00e9s par adresse fiscale&nbsp;:<\/strong>\n<ul>\n<li><strong><u>\u00e0 1m\u00b3 au total par jour<\/u><\/strong><\/li>\n\n\n\n<li><strong>\u00e0 2m\u00b3 au total par semaine<\/strong><\/li>\n<\/ul>\n<\/li>\n<\/ul>\n\n\n\n<p><em>Ex&nbsp;: deux d\u00e9p\u00f4ts le lundi de 0.5 m\u00b3 + un d\u00e9p\u00f4t le vendredi de 1 m\u00b3.<\/em><strong>\u200b<\/strong><\/p>\n\n\n\n<ul>\n<li><strong>Avant d\u2019acc\u00e9der \u00e0 la d\u00e9chetterie, les d\u00e9chets doivent \u00eatre tri\u00e9s <\/strong>pour un d\u00e9p\u00f4t rapide et efficace.<\/li>\n<\/ul>\n\n\n\n<hr class=\"wp-block-separator has-css-opacity is-style-wide\"\/>\n\n\n\n<figure class=\"wp-block-table is-style-stripes\"><table class=\"has-fixed-layout\"><thead><tr><th class=\"has-text-align-center\" data-align=\"center\">D\u00c9CHETTERIES<\/th><th class=\"has-text-align-center\" data-align=\"center\">ADRESSES<\/th><\/tr><\/thead><tbody><tr><td class=\"has-text-align-center\" data-align=\"center\"><strong><span class=\"has-inline-color has-black-color\">BAVAY<\/span><\/strong><\/td><td class=\"has-text-align-center\" data-align=\"center\"><strong>Lieu-dit \u00ab&nbsp;Les Petits Cailloux&nbsp;\u00bb<br>59570 Bavay<br><br>T\u00e9l : 03.27.68.21.86<\/strong><\/td><\/tr><tr><td class=\"has-text-align-center\" data-align=\"center\"><strong>LANDRECIES<\/strong><\/td><td class=\"has-text-align-center\" data-align=\"center\"><strong>Zone d\u2019activit\u00e9 \u2013 Rue d\u2019Happegarbes<br>59550 Landrecies&nbsp;<br><br>T\u00e9l :&nbsp;03.27.77.07.77<\/strong><\/td><\/tr><tr><td class=\"has-text-align-center\" data-align=\"center\"><strong>LE QUESNOY<\/strong><\/td><td class=\"has-text-align-center\" data-align=\"center\"><strong>ZAE Les Pr\u00e8s du Roy \u2013 Route de Sepmeries 59530 Le Quesnoy<br><br>T\u00e9l :&nbsp;03.27.20.57.78<\/strong><\/td><\/tr><tr><td class=\"has-text-align-center\" data-align=\"center\"><strong>POIX-DU NORD<\/strong><\/td><td class=\"has-text-align-center\" data-align=\"center\"><strong>Rue Henri Roland<br>59218 Poix du Nord<br><br>T\u00e9l :&nbsp;03.27.26.46.98<\/strong><\/td><\/tr><\/tbody><\/table><\/figure>\n\n\n\n<div>\n<div>Le SIAVED vous informe que les d\u00e9chetteries du SIAVED passent aux<b> horaires d&rsquo;\u00e9t\u00e9 <\/b>\u00e0 partir du<b> mercredi 01 avril 2026 :<\/b><\/div>\n<div><b>Lundi <\/b>de <b>13h30 <\/b>\u00e0 <b>18h00<\/b><\/div>\n<div><b>Mardi au Jeudi<\/b>\u00a0de <b>8h30<\/b>\u00a0\u00e0<b>\u00a012h00 <\/b>et de <b>13h30 <\/b>\u00e0 <b>18h00<\/b><\/div>\n<div><b>Vendredi au Samedi<\/b>\u00a0de <b>8h30 <\/b>\u00e0 <b>18h00<\/b>\u00a0(<i>sans interruption<\/i>)<\/div>\n<div><b>Dimanche <\/b>de<b>\u00a08h30<\/b>\u00a0\u00e0 <b>12h00<\/b>.<\/div>\n<div><i>*Bermerain : lundi et vendredi de 13h30 \u00e0 18h00, mercredi et samedi de 8h30 \u00e0 12h00 et de 13h30 \u00e0 18h00.\u00a0<\/i><\/div>\n<div>\u00a0<\/div>\n<div>Rappel : les d\u00e9chetteries du SIAVED seront ferm\u00e9es le lundi 04 avril 2026.<\/div>\n<\/div>\n<div>\n<div><u>FERMETURE de toutes les d\u00e9chetteries les jours f\u00e9ri\u00e9s :<\/u><\/div>\n<ul>\n<li>\n<div>vendredi 1er mai<\/div>\n<\/li>\n<li>\n<div>vendredi 08 mai<\/div>\n<\/li>\n<li>\n<div>jeudi 14 mai<\/div>\n<\/li>\n<li>\n<div>mardi 14 juillet<\/div>\n<\/li>\n<li>\n<div>samedi 15 ao\u00fbt<\/div>\n<\/li>\n<\/ul>\n<div>\u00a0Tous les renseignements pour obtenir une carte d&rsquo;acc\u00e8s et consulter le r\u00e8glement des d\u00e9chetteries sur le site : <a id=\"OWAe3e5c179-9f34-0a77-36f8-54d187728863_oo_editor_Editor_2_sandBox_sandBox \" class=\"x_OWAAutoLink_oo_editor_Editor_2_sandBox  x_ContentPasted0_oo_editor_Editor_2_sandBox\" href=\"https:\/\/www.siaved.fr\/votre-carte-d-acces\" target=\"_blank\" rel=\"noopener\"> https:\/\/www.siaved.fr\/votre-carte-d-acces<\/a><\/div>\n<div>\u00a0<\/div>\n<div>Des questions sur les d\u00e9chetteries ou l&rsquo;enl\u00e8vement de l&rsquo;amiante ? Le SIAVED reste \u00e0 votre \u00e9coute au <strong>0 800 003 793<\/strong> (service &amp; appel gratuit).<\/div>\n<\/div>\n\n\n\n<p><\/p>\n","protected":false},"excerpt":{"rendered":"<p>Comment ?L\u2019usager dispose d\u2019un badge pour acc\u00e9der en d\u00e9chetterie. Tous les renseignements pour obtenir une carte d&rsquo;acc\u00e8s et consulter le r\u00e8glement des d\u00e9chetteries sur le site : https:\/\/www.siaved.fr\/votre-carte-d-acces Conform\u00e9ment au [&hellip;]<\/p>\n","protected":false},"author":1,"featured_media":0,"parent":0,"menu_order":0,"comment_status":"closed","ping_status":"closed","template":"","meta":[],"_links":{"self":[{"href":"https:\/\/www.sepmeries.fr\/index.php\/wp-json\/wp\/v2\/pages\/180"}],"collection":[{"href":"https:\/\/www.sepmeries.fr\/index.php\/wp-json\/wp\/v2\/pages"}],"about":[{"href":"https:\/\/www.sepmeries.fr\/index.php\/wp-json\/wp\/v2\/types\/page"}],"author":[{"embeddable":true,"href":"https:\/\/www.sepmeries.fr\/index.php\/wp-json\/wp\/v2\/users\/1"}],"replies":[{"embeddable":true,"href":"https:\/\/www.sepmeries.fr\/index.php\/wp-json\/wp\/v2\/comments?post=180"}],"version-history":[{"count":23,"href":"https:\/\/www.sepmeries.fr\/index.php\/wp-json\/wp\/v2\/pages\/180\/revisions"}],"predecessor-version":[{"id":5574,"href":"https:\/\/www.sepmeries.fr\/index.php\/wp-json\/wp\/v2\/pages\/180\/revisions\/5574"}],"wp:attachment":[{"href":"https:\/\/www.sepmeries.fr\/index.php\/wp-json\/wp\/v2\/media?parent=180"}],"curies":[{"name":"wp","href":"https:\/\/api.w.org\/{rel}","templated":true}]}}