{"id":170,"date":"2020-08-24T22:14:47","date_gmt":"2020-08-24T20:14:47","guid":{"rendered":"https:\/\/wdp.sepmeries.fr\/?page_id=170"},"modified":"2026-04-06T19:14:53","modified_gmt":"2026-04-06T17:14:53","slug":"urbanisme","status":"publish","type":"page","link":"https:\/\/www.sepmeries.fr\/index.php\/urbanisme\/","title":{"rendered":"Urbanisme"},"content":{"rendered":"\n<p style=\"text-align: justify;\">Notre personnel accueille et renseigne le public, assure les d\u00e9p\u00f4ts aupr\u00e8s de la CCPM (Communaut\u00e9 de Communes du Pays de Mormal) des demandes d\u2019autorisation d\u2019urbanisme, des permis de construire et d\u2019am\u00e9nager, des d\u00e9clarations pr\u00e9alables de travaux, des certificats d&rsquo;urbanisme.<\/p>\n\n\n\n<p>L&rsquo;instruction est assur\u00e9e par le service d&rsquo;Urbanisme de la CCPM .<\/p>\n\n\n\n<div class=\"wp-block-file\"><a id=\"wp-block-file--media-f01e1651-e2a8-4bd4-a2c7-1ba7c2902f8c\" href=\"https:\/\/www.sepmeries.fr\/wp-content\/uploads\/2025\/04\/Quelles-autorisations-demander.pdf\" target=\"_blank\" rel=\"noreferrer noopener\">Quelles-autorisations-demander<\/a><a href=\"https:\/\/www.sepmeries.fr\/wp-content\/uploads\/2025\/04\/Quelles-autorisations-demander.pdf\" class=\"wp-block-file__button wp-element-button\" download aria-describedby=\"wp-block-file--media-f01e1651-e2a8-4bd4-a2c7-1ba7c2902f8c\">T\u00e9l\u00e9charger<\/a><\/div>\n\n\n\n<div class=\"wp-block-file\"><a id=\"wp-block-file--media-baf1fd22-b0ea-4300-9695-5b96c67a5c7a\" href=\"https:\/\/wdp.sepmeries.fr\/wp-content\/uploads\/2020\/09\/PLUi_Sepmeries-2000.pdf\" target=\"_blank\" rel=\"noreferrer noopener\">PLUi_Sepmeries<\/a><a href=\"https:\/\/wdp.sepmeries.fr\/wp-content\/uploads\/2020\/09\/PLUi_Sepmeries-2000.pdf\" class=\"wp-block-file__button wp-element-button\" download aria-describedby=\"wp-block-file--media-baf1fd22-b0ea-4300-9695-5b96c67a5c7a\">T\u00e9l\u00e9charger<\/a><\/div>\n\n\n\n<h4>Les demandes d&rsquo;autorisation d&rsquo;urbanisme sont r\u00e9alisables en ligne.&nbsp;<\/h4>\n\n\n\n<p style=\"text-align: justify;\">Cette <a href=\"https:\/\/www.service-public.fr\/particuliers\/vosdroits\/R52221\" target=\"_blank\" rel=\"noopener noreferrer\">d\u00e9marche en ligne<\/a> permet de constituer votre dossier de demande d\u2019autorisation d\u2019urbanisme, tel que votre permis de construire, votre permis d\u2019am\u00e9nager ou encore votre permis de d\u00e9molir.<\/p>\n\n\n\n<p style=\"text-align: justify;\">Une fois finalis\u00e9, vous n\u2019avez plus qu&rsquo;\u00e0 r\u00e9cup\u00e9rer votre dossier compl\u00e9t\u00e9 pour le d\u00e9poser en mairie. <br>Les diff\u00e9rents formulaires Cerfa restent, toutefois, toujours disponibles directement sur le site <a href=\"https:\/\/www.service-public.fr\/particuliers\/vosdroits\/N319\" target=\"_blank\" rel=\"noopener noreferrer\">Service-public.fr<\/a>.&nbsp;Ils concernent le permis de construire de maison individuelle, la d\u00e9claration pr\u00e9alable de travaux maison individuelle, le permis de construire comprenant ou non des d\u00e9molitions, la d\u00e9claration pr\u00e9alable de constructions non soumises \u00e0 permis et celle de lotissements non soumis \u00e0 permis d\u2019am\u00e9nager. Sont \u00e9galement concern\u00e9s le permis d\u2019am\u00e9nager comprenant ou non des constructions et\/ou des d\u00e9molitions, le permis de d\u00e9molir ou encore le certificat d\u2019urbanisme.<\/p>\n\n\n\n<p style=\"text-align: justify;\" align=\"justify\"><span style=\"font-family: arial, helvetica, sans-serif;\"><span style=\"font-size: 12pt;\">Veuillez trouver une fiche d&rsquo;information (notice) reprenant les informations utiles pour d\u00e9poser une demande d&rsquo;autorisation d&rsquo;urbanisme.<\/span><\/span><\/p>\n<p align=\"justify\"><span style=\"font-family: arial, helvetica, sans-serif; font-size: 12pt;\">Le <span style=\"color: #000000;\">transfert de la mission de la liquidation des taxes d&rsquo;urbanisme \u00e0 la DGFIP <\/span>s&rsquo;accompagne de la mise en \u0153uvre d&rsquo;une proc\u00e9dure d\u00e9mat\u00e9rialis\u00e9e des <span style=\"font-family: arial, helvetica, sans-serif;\">d\u00e9clarations<\/span> d&rsquo;urbanisme et\u00a0fonci\u00e8re, dor\u00e9navant int\u00e9gr\u00e9es \u00e0 la nouvelle offre de d\u00e9marche en ligne \u201cG\u00e9rer Mes Biens Immobiliers\u201d (GMBI). Ce module est accessible sur le site \u00ab\u00a0impots.gouv.fr\u00a0\u00bb \u00e0 partir de votre espace s\u00e9curis\u00e9 personnel. <\/span><em><span style=\"color: #000000;\"><span style=\"font-family: Liberation Serif, serif;\"><span style=\"font-size: medium;\"><br \/><\/span><\/span><\/span><\/em><\/p>\n\n\n\n<div class=\"wp-block-file\"><a id=\"wp-block-file--media-5b58a484-30df-42b5-9b6c-0b4c8163ffb6\" href=\"https:\/\/www.sepmeries.fr\/wp-content\/uploads\/2023\/03\/Notice-TU-2023-1.pdf\" target=\"_blank\" rel=\"noreferrer noopener\">Notice-TU-2023<\/a><a href=\"https:\/\/www.sepmeries.fr\/wp-content\/uploads\/2023\/03\/Notice-TU-2023-1.pdf\" class=\"wp-block-file__button wp-element-button\" download aria-describedby=\"wp-block-file--media-5b58a484-30df-42b5-9b6c-0b4c8163ffb6\">T\u00e9l\u00e9charger<\/a><\/div>\n\n\n\n<div class=\"wp-block-file\"><a id=\"wp-block-file--media-e2529753-3bfa-48ed-b75c-60f53040b2ff\" href=\"https:\/\/www.sepmeries.fr\/wp-content\/uploads\/2023\/03\/Flyer_GMBI-Proprietaire.pdf\" target=\"_blank\" rel=\"noreferrer noopener\">Flyer_GMBI &#8211; Propri\u00e9taire<\/a><a href=\"https:\/\/www.sepmeries.fr\/wp-content\/uploads\/2023\/03\/Flyer_GMBI-Proprietaire.pdf\" class=\"wp-block-file__button wp-element-button\" download aria-describedby=\"wp-block-file--media-e2529753-3bfa-48ed-b75c-60f53040b2ff\">T\u00e9l\u00e9charger<\/a><\/div>\n","protected":false},"excerpt":{"rendered":"<p>Notre personnel accueille et renseigne le public, assure les d\u00e9p\u00f4ts aupr\u00e8s de la CCPM (Communaut\u00e9 de Communes du Pays de Mormal) des demandes d\u2019autorisation d\u2019urbanisme, des permis de construire et [&hellip;]<\/p>\n","protected":false},"author":1,"featured_media":0,"parent":0,"menu_order":0,"comment_status":"closed","ping_status":"closed","template":"","meta":[],"_links":{"self":[{"href":"https:\/\/www.sepmeries.fr\/index.php\/wp-json\/wp\/v2\/pages\/170"}],"collection":[{"href":"https:\/\/www.sepmeries.fr\/index.php\/wp-json\/wp\/v2\/pages"}],"about":[{"href":"https:\/\/www.sepmeries.fr\/index.php\/wp-json\/wp\/v2\/types\/page"}],"author":[{"embeddable":true,"href":"https:\/\/www.sepmeries.fr\/index.php\/wp-json\/wp\/v2\/users\/1"}],"replies":[{"embeddable":true,"href":"https:\/\/www.sepmeries.fr\/index.php\/wp-json\/wp\/v2\/comments?post=170"}],"version-history":[{"count":27,"href":"https:\/\/www.sepmeries.fr\/index.php\/wp-json\/wp\/v2\/pages\/170\/revisions"}],"predecessor-version":[{"id":5571,"href":"https:\/\/www.sepmeries.fr\/index.php\/wp-json\/wp\/v2\/pages\/170\/revisions\/5571"}],"wp:attachment":[{"href":"https:\/\/www.sepmeries.fr\/index.php\/wp-json\/wp\/v2\/media?parent=170"}],"curies":[{"name":"wp","href":"https:\/\/api.w.org\/{rel}","templated":true}]}}