{"id":166,"date":"2020-08-24T22:14:21","date_gmt":"2020-08-24T20:14:21","guid":{"rendered":"https:\/\/wdp.sepmeries.fr\/?page_id=166"},"modified":"2025-07-14T21:47:16","modified_gmt":"2025-07-14T19:47:16","slug":"concession-funeraire","status":"publish","type":"page","link":"https:\/\/www.sepmeries.fr\/index.php\/concession-funeraire\/","title":{"rendered":"Concessions Fun\u00e9raires"},"content":{"rendered":"\n<p>Les concessions sont divis\u00e9es en 3 classes, \u00e0 savoir :<\/p>\n\n\n\n<ul>\n<li>Concession temporaire (15 ans),<\/li>\n\n\n\n<li>Concession trentenaire,<\/li>\n\n\n\n<li>Concession cinquantenaire.<\/li>\n<\/ul>\n\n\n\n<p>Le prix au m\u00e8tre carr\u00e9 est ainsi fix\u00e9 pour chaque classe de concession :<\/p>\n\n\n\n<h4><span class=\"has-inline-color has-black-color\">Concession temporaire (15 ans)<\/span><\/h4>\n\n\n\n<p>S\u00e9pulture d\u2019une place = <strong>40&nbsp; \u20ac&nbsp;&nbsp;<\/strong>&nbsp;&nbsp;&nbsp;&nbsp;&nbsp;&nbsp;&nbsp;&nbsp;&nbsp;&nbsp;&nbsp;&nbsp;&nbsp;&nbsp;&nbsp;&nbsp;&nbsp;&nbsp;&nbsp;&nbsp;&nbsp;&nbsp;&nbsp;&nbsp;&nbsp;&nbsp;&nbsp;&nbsp;&nbsp;&nbsp;&nbsp;&nbsp;&nbsp;&nbsp;&nbsp;&nbsp;&nbsp;&nbsp;&nbsp;&nbsp;&nbsp;&nbsp;&nbsp;&nbsp;&nbsp;&nbsp;&nbsp;&nbsp;&nbsp;<\/p>\n\n\n\n<p>S\u00e9pulture de deux places\u00a0= <strong>80\u00a0 \u20ac<\/strong><\/p>\n\n\n\n<p>S\u00e9pulture de trois places = <strong>120 \u20ac<\/strong><\/p>\n\n\n\n<p>(La place suppl\u00e9mentaire = + 40 \u20ac)<\/p>\n\n\n\n<h4><span class=\"has-inline-color has-black-color\">Concession trentenaire<\/span><\/h4>\n\n\n\n<p>S\u00e9pulture d\u2019une place = <strong> 75 \u20ac<\/strong><\/p>\n\n\n\n<p>S\u00e9pulture de deux places&nbsp;= <strong>150 \u20ac<\/strong><\/p>\n\n\n\n<p>S\u00e9pulture de trois places&nbsp;= <strong>225 \u20ac<\/strong><\/p>\n\n\n\n<p>(La place suppl\u00e9mentaire = + 75 \u20ac)<\/p>\n\n\n\n<h4><span class=\"has-inline-color has-black-color\">Concession cinquantenaire<\/span><\/h4>\n\n\n\n<p>S\u00e9pulture d\u2019une place&nbsp;= <strong>100 \u20ac<\/strong><\/p>\n\n\n\n<p>S\u00e9pulture de deux places = <strong>200 \u20ac<\/strong><\/p>\n\n\n\n<p>S\u00e9pulture de trois places&nbsp;= <strong>300 \u20ac<\/strong><\/p>\n\n\n\n<p>(La place suppl\u00e9mentaire = + 100 \u20ac)<\/p>\n\n\n\n<h4><span class=\"has-inline-color has-black-color\">Cavurne<\/span><\/h4>\n\n\n\n<p>S\u00e9pulture pour 30 ans = <strong>150 \u20ac<\/strong><\/p>\n\n\n\n<p>S\u00e9pulture pour 50 ans&nbsp;= <strong>200 \u20ac<\/strong><\/p>\n","protected":false},"excerpt":{"rendered":"<p>Les concessions sont divis\u00e9es en 3 classes, \u00e0 savoir : Le prix au m\u00e8tre carr\u00e9 est ainsi fix\u00e9 pour chaque classe de concession : Concession temporaire (15 ans) S\u00e9pulture d\u2019une [&hellip;]<\/p>\n","protected":false},"author":1,"featured_media":0,"parent":0,"menu_order":0,"comment_status":"closed","ping_status":"closed","template":"","meta":[],"_links":{"self":[{"href":"https:\/\/www.sepmeries.fr\/index.php\/wp-json\/wp\/v2\/pages\/166"}],"collection":[{"href":"https:\/\/www.sepmeries.fr\/index.php\/wp-json\/wp\/v2\/pages"}],"about":[{"href":"https:\/\/www.sepmeries.fr\/index.php\/wp-json\/wp\/v2\/types\/page"}],"author":[{"embeddable":true,"href":"https:\/\/www.sepmeries.fr\/index.php\/wp-json\/wp\/v2\/users\/1"}],"replies":[{"embeddable":true,"href":"https:\/\/www.sepmeries.fr\/index.php\/wp-json\/wp\/v2\/comments?post=166"}],"version-history":[{"count":15,"href":"https:\/\/www.sepmeries.fr\/index.php\/wp-json\/wp\/v2\/pages\/166\/revisions"}],"predecessor-version":[{"id":5131,"href":"https:\/\/www.sepmeries.fr\/index.php\/wp-json\/wp\/v2\/pages\/166\/revisions\/5131"}],"wp:attachment":[{"href":"https:\/\/www.sepmeries.fr\/index.php\/wp-json\/wp\/v2\/media?parent=166"}],"curies":[{"name":"wp","href":"https:\/\/api.w.org\/{rel}","templated":true}]}}