{"id":141,"date":"2020-08-24T22:06:08","date_gmt":"2020-08-24T20:06:08","guid":{"rendered":"https:\/\/wdp.sepmeries.fr\/?page_id=141"},"modified":"2021-01-25T20:41:44","modified_gmt":"2021-01-25T19:41:44","slug":"livret-de-famille","status":"publish","type":"page","link":"https:\/\/www.sepmeries.fr\/index.php\/livret-de-famille\/","title":{"rendered":"Livret de Famille"},"content":{"rendered":"\n<p style=\"text-align: justify;\">Le livret de famille pr\u00e9sente des extraits d&rsquo;actes des membres composant une famille. Il doit \u00eatre mis \u00e0 jour \u00e0 l&rsquo;occasion de tout \u00e9v\u00e9nement survenu apr\u00e8s sa d\u00e9livrance (mariage, naissance, d\u00e9c\u00e8s, etc.). Des duplicatas peuvent \u00eatre d\u00e9livr\u00e9s. Le livret contient \u00e9galement des textes relatifs au droit de la famille.<\/p>\n\n\n\n<p><br><strong>I \u2013 D\u00e9livrance \u00e0 la naissance du 1er enfant<\/strong><\/p>\n\n\n\n<p style=\"text-align: justify;\">A\/ Naissance en France<br>Un livret de famille est d\u00e9livr\u00e9 aux parents non mari\u00e9s \u00e0 l&rsquo;occasion de la naissance de leur premier enfant commun. Son contenu et les conditions de sa d\u00e9livrance sont r\u00e9glement\u00e9s.<br>Le livret de famille d\u00e9livr\u00e9 lors de la naissance du 1er enfant contient :<br>\u2022 les extraits d&rsquo;actes de naissance du ou des parents,<br>\u2022 l&rsquo;extrait d&rsquo;acte de naissance de l&rsquo;enfant,<br>\u2022 des informations sur le droit de la famille : mariage, filiation, adoption, autorit\u00e9 parentale, etc.<\/p>\n\n\n\n<p style=\"text-align: justify;\">B\/ Informations concernant les parents<br>Les informations concernant les parents sont renseign\u00e9es si :<br>\u2022 le parent appara\u00eet dans l&rsquo;acte de naissance de l&rsquo;enfant,<br>\u2022 l&rsquo;acte de naissance du parent est d\u00e9tenu par un officier d&rsquo;\u00e9tat civil fran\u00e7ais.<br>\u00c0 d\u00e9faut, la page du livret qui concerne le parent ne sera pas renseign\u00e9e.<\/p>\n\n\n\n<p style=\"text-align: justify;\">C\/ Informations concernant l&rsquo;enfant<br>Les informations concernant l&rsquo;enfant sont inscrites si son acte de naissance est d\u00e9tenu par un officier d&rsquo;\u00e9tat civil fran\u00e7ais.<br>Lorsqu&rsquo;il y a plusieurs enfants, les informations sont renseign\u00e9es dans l&rsquo;ordre des naissances.<br>Le livret est d\u00e9livr\u00e9 uniquement si une autorit\u00e9 fran\u00e7aise d\u00e9tient :<br>\u2022 l&rsquo;acte de naissance de l&rsquo;enfant,<br>\u2022 et celui d&rsquo;au moins un parent.<br>L&rsquo;autorit\u00e9 d\u00e9tentrice des actes de naissance d\u00e9pend du lieu de naissance de l&rsquo;enfant et de ses parents.<\/p>\n\n\n\n<p style=\"text-align: justify;\"><strong>Attention : si vous adoptez un enfant en tant que c\u00e9libataire, un livret de famille doit vous \u00eatre remis lors de la transcription du jugement d&rsquo;adoption sur les registres de l&rsquo;\u00e9tat civil.<\/strong><\/p>\n\n\n\n<p style=\"text-align: justify;\">Le livret de famille est transmis :<br>\u2022 soit par courrier au domicile du ou des parents,<br>\u2022 soit \u00e0 la mairie du domicile des parents qui pourront le retirer sur pr\u00e9sentation de leur pi\u00e8ce d&rsquo;identit\u00e9.<\/p>\n\n\n\n<p style=\"text-align: justify;\"><strong>\u00c0 noter :<\/strong><br>Le d\u00e9lai d&rsquo;obtention d\u00e9pend de la dur\u00e9e de traitement par chaque service d&rsquo;\u00e9tat civil concern\u00e9 par le livret \u00e0 laquelle il faut ajouter les d\u00e9lais d&rsquo;acheminement du courrier.<br>\u2003<\/p>\n\n\n\n<p style=\"text-align: justify;\"><strong>II \u2013 D\u00e9livrance lors du mariage<\/strong><br>Un livret de famille est d\u00e9livr\u00e9 aux \u00e9poux \u00e0 l&rsquo;occasion de leur mariage.<\/p>\n\n\n\n<p style=\"text-align: justify;\">A\/ De quoi s\u2019agit-il ?<br>Le livret de famille remis lors du mariage contient les \u00e9l\u00e9ments suivants :<br>\u2022 Extrait de l&rsquo;acte de mariage des \u00e9poux<br>\u2022 Informations sur le droit de la famille : mariage, filiation, adoption, autorit\u00e9 parentale, etc.<\/p>\n\n\n\n<p style=\"text-align: justify;\">B\/ D\u00e9marches<br>\u2022 Il n&rsquo;y a pas de demande particuli\u00e8re \u00e0 faire.<br>\u2022 \u00c0 la fin de la c\u00e9r\u00e9monie, le livret de famille est remis automatiquement aux \u00e9poux par l&rsquo;officier d&rsquo;\u00e9tat civil de la mairie du mariage.<br>\u2022 \u00c0 savoir : si les \u00e9poux ont des enfants communs au moment du mariage, le livret de famille remis \u00e0 la naissance du 1er enfant est compl\u00e9t\u00e9 par leur extrait d&rsquo;acte de mariage.<\/p>\n\n\n\n<p style=\"text-align: justify;\"><strong>III &#8211; Mise \u00e0 jour du livret<\/strong><br>Toute modification li\u00e9e \u00e0 l&rsquo;\u00e9tat civil des personnes inscrites dans le livret (s\u00e9paration, naissance, adoption, etc.) doit faire l&rsquo;objet d&rsquo;une mise \u00e0 jour.<\/p>\n\n\n\n<p style=\"text-align: justify;\"><strong>IV \u2013 Demande de duplicata suite \u00e0 perte ou 2nd livret suite \u00e0 une s\u00e9paration<\/strong><br \/>Un duplicata peut \u00eatre demand\u00e9 en Mairie d\u00e8s lors que le livret a \u00e9t\u00e9 perdu ou que le couple se s\u00e9pare.<\/p>\n\n\n\n<p><\/p>\n","protected":false},"excerpt":{"rendered":"<p>Le livret de famille pr\u00e9sente des extraits d&rsquo;actes des membres composant une famille. Il doit \u00eatre mis \u00e0 jour \u00e0 l&rsquo;occasion de tout \u00e9v\u00e9nement survenu apr\u00e8s sa d\u00e9livrance (mariage, naissance, [&hellip;]<\/p>\n","protected":false},"author":1,"featured_media":0,"parent":0,"menu_order":0,"comment_status":"closed","ping_status":"closed","template":"","meta":[],"_links":{"self":[{"href":"https:\/\/www.sepmeries.fr\/index.php\/wp-json\/wp\/v2\/pages\/141"}],"collection":[{"href":"https:\/\/www.sepmeries.fr\/index.php\/wp-json\/wp\/v2\/pages"}],"about":[{"href":"https:\/\/www.sepmeries.fr\/index.php\/wp-json\/wp\/v2\/types\/page"}],"author":[{"embeddable":true,"href":"https:\/\/www.sepmeries.fr\/index.php\/wp-json\/wp\/v2\/users\/1"}],"replies":[{"embeddable":true,"href":"https:\/\/www.sepmeries.fr\/index.php\/wp-json\/wp\/v2\/comments?post=141"}],"version-history":[{"count":8,"href":"https:\/\/www.sepmeries.fr\/index.php\/wp-json\/wp\/v2\/pages\/141\/revisions"}],"predecessor-version":[{"id":1092,"href":"https:\/\/www.sepmeries.fr\/index.php\/wp-json\/wp\/v2\/pages\/141\/revisions\/1092"}],"wp:attachment":[{"href":"https:\/\/www.sepmeries.fr\/index.php\/wp-json\/wp\/v2\/media?parent=141"}],"curies":[{"name":"wp","href":"https:\/\/api.w.org\/{rel}","templated":true}]}}