{"id":137,"date":"2020-08-24T22:05:39","date_gmt":"2020-08-24T20:05:39","guid":{"rendered":"https:\/\/wdp.sepmeries.fr\/?page_id=137"},"modified":"2020-11-28T14:55:42","modified_gmt":"2020-11-28T13:55:42","slug":"changement-dadresse","status":"publish","type":"page","link":"https:\/\/www.sepmeries.fr\/index.php\/changement-dadresse\/","title":{"rendered":"Changement d&rsquo;Adresse"},"content":{"rendered":"\n<p>Acc\u00e9der aux services en ligne et formulaire de \u00ab&nbsp;Mon Service Public&nbsp;\u00bb<\/p>\n\n\n\n<ul><li><a href=\"https:\/\/www.service-public.fr\/particuliers\/vosdroits\/R11193\" target=\"_blank\" rel=\"noreferrer noopener\">Demande d\u2019acte d\u2019\u00e9tat civil : changement d&rsquo;adresse [T\u00e9l\u00e9service]<\/a>&nbsp;<\/li><\/ul>\n\n\n\n<p>Vous pouvez \u00e9galement utiliser ce t\u00e9l\u00e9service pour signaler un changement d&rsquo;adresse \u00e9lectronique, de num\u00e9ro de t\u00e9l\u00e9phone (fixe ou portable).<\/p>\n","protected":false},"excerpt":{"rendered":"<p>Acc\u00e9der aux services en ligne et formulaire de \u00ab&nbsp;Mon Service Public&nbsp;\u00bb Demande d\u2019acte d\u2019\u00e9tat civil : changement d&rsquo;adresse [T\u00e9l\u00e9service]&nbsp; Vous pouvez \u00e9galement utiliser ce t\u00e9l\u00e9service pour signaler un changement d&rsquo;adresse [&hellip;]<\/p>\n","protected":false},"author":1,"featured_media":0,"parent":0,"menu_order":0,"comment_status":"closed","ping_status":"closed","template":"","meta":[],"_links":{"self":[{"href":"https:\/\/www.sepmeries.fr\/index.php\/wp-json\/wp\/v2\/pages\/137"}],"collection":[{"href":"https:\/\/www.sepmeries.fr\/index.php\/wp-json\/wp\/v2\/pages"}],"about":[{"href":"https:\/\/www.sepmeries.fr\/index.php\/wp-json\/wp\/v2\/types\/page"}],"author":[{"embeddable":true,"href":"https:\/\/www.sepmeries.fr\/index.php\/wp-json\/wp\/v2\/users\/1"}],"replies":[{"embeddable":true,"href":"https:\/\/www.sepmeries.fr\/index.php\/wp-json\/wp\/v2\/comments?post=137"}],"version-history":[{"count":3,"href":"https:\/\/www.sepmeries.fr\/index.php\/wp-json\/wp\/v2\/pages\/137\/revisions"}],"predecessor-version":[{"id":639,"href":"https:\/\/www.sepmeries.fr\/index.php\/wp-json\/wp\/v2\/pages\/137\/revisions\/639"}],"wp:attachment":[{"href":"https:\/\/www.sepmeries.fr\/index.php\/wp-json\/wp\/v2\/media?parent=137"}],"curies":[{"name":"wp","href":"https:\/\/api.w.org\/{rel}","templated":true}]}}