{"id":135,"date":"2020-08-24T22:05:22","date_gmt":"2020-08-24T20:05:22","guid":{"rendered":"https:\/\/wdp.sepmeries.fr\/?page_id=135"},"modified":"2021-01-24T18:41:52","modified_gmt":"2021-01-24T17:41:52","slug":"passeport","status":"publish","type":"page","link":"https:\/\/www.sepmeries.fr\/index.php\/passeport\/","title":{"rendered":"Passeport"},"content":{"rendered":"\n<p>Acc\u00e9der aux services en ligne et formulaires de \u00ab\u00a0Mon Service Public\u00a0\u00bb<\/p>\n\n\n\n<ul><li><a href=\"https:\/\/ants.gouv.fr\/monespace\/s-inscrire\" target=\"_blank\" rel=\"noreferrer noopener\">Pr\u00e9-demande de passeport [T\u00e9l\u00e9service]<\/a><\/li><\/ul>\n\n\n\n<p>Le d\u00e9p\u00f4t de la demande de passeport se fait exclusivement sur <strong>rendez-vous<\/strong>.<\/p>\n\n\n\n<p><strong>La pr\u00e9sence du demandeur est obligatoire<\/strong> lors du 1er rendez-vous pour l&rsquo;enregistrement de la demande et lors du second pour le retrait du passeport (pour la prise d&#8217;empreintes). Le traitement d&rsquo;un dossier prend environ <strong>30 minutes<\/strong>.<\/p>\n\n\n\n<p><strong>Pour\u00a0les mineurs, la pr\u00e9sence\u00a0est\u00a0obligatoire pour l&rsquo;enregistrement de la demande<\/strong>. Les mineurs de plus de 12 ans doivent \u00eatre \u00e9galement pr\u00e9sents \u00e0 la remise du passeport.<span class=\"has-inline-color has-vivid-red-color\"><\/p>\n\n\n\n<p><strong>Le d\u00e9lai d&rsquo;instruction varie entre 2 et 3 semaines<\/strong>. Nous vous conseillons d&rsquo;anticiper vos demandes.<\/p>\n\n\n\n<ul><li><a href=\"https:\/\/passeport.ants.gouv.fr\/Services-associes\/Ou-en-est-votre-passeport\" target=\"_blank\" rel=\"noreferrer noopener\">Suivre votre demande de passeport<\/a><\/li><\/ul>\n\n\n\n<p><strong>NOUVEAU : vous pouvez dor\u00e9navant acheter <\/strong><a rel=\"noreferrer noopener\" href=\"https:\/\/timbres.impots.gouv.fr\/index.jsp\" target=\"_blank\">vos timbres fiscaux en ligne<\/a>.<\/p>\n\n\n\n<p><strong>Le service \u00e9tat-civil vous accueille :<\/strong><\/p>\n\n\n\n<p>Du Lundi au Vendredi de 9h00 &#8211; 12h00 <\/p>\n\n\n\n<p><\/p>\n","protected":false},"excerpt":{"rendered":"<p>Acc\u00e9der aux services en ligne et formulaires de \u00ab\u00a0Mon Service Public\u00a0\u00bb Pr\u00e9-demande de passeport [T\u00e9l\u00e9service] Le d\u00e9p\u00f4t de la demande de passeport se fait exclusivement sur rendez-vous. La pr\u00e9sence du [&hellip;]<\/p>\n","protected":false},"author":1,"featured_media":0,"parent":0,"menu_order":0,"comment_status":"closed","ping_status":"closed","template":"","meta":[],"_links":{"self":[{"href":"https:\/\/www.sepmeries.fr\/index.php\/wp-json\/wp\/v2\/pages\/135"}],"collection":[{"href":"https:\/\/www.sepmeries.fr\/index.php\/wp-json\/wp\/v2\/pages"}],"about":[{"href":"https:\/\/www.sepmeries.fr\/index.php\/wp-json\/wp\/v2\/types\/page"}],"author":[{"embeddable":true,"href":"https:\/\/www.sepmeries.fr\/index.php\/wp-json\/wp\/v2\/users\/1"}],"replies":[{"embeddable":true,"href":"https:\/\/www.sepmeries.fr\/index.php\/wp-json\/wp\/v2\/comments?post=135"}],"version-history":[{"count":5,"href":"https:\/\/www.sepmeries.fr\/index.php\/wp-json\/wp\/v2\/pages\/135\/revisions"}],"predecessor-version":[{"id":1015,"href":"https:\/\/www.sepmeries.fr\/index.php\/wp-json\/wp\/v2\/pages\/135\/revisions\/1015"}],"wp:attachment":[{"href":"https:\/\/www.sepmeries.fr\/index.php\/wp-json\/wp\/v2\/media?parent=135"}],"curies":[{"name":"wp","href":"https:\/\/api.w.org\/{rel}","templated":true}]}}