{"id":131,"date":"2020-08-24T22:04:52","date_gmt":"2020-08-24T20:04:52","guid":{"rendered":"https:\/\/wdp.sepmeries.fr\/?page_id=131"},"modified":"2023-01-28T09:11:14","modified_gmt":"2023-01-28T08:11:14","slug":"acte-de-deces","status":"publish","type":"page","link":"https:\/\/www.sepmeries.fr\/index.php\/acte-de-deces\/","title":{"rendered":"Acte de D\u00e9c\u00e8s"},"content":{"rendered":"\n<p>Acc\u00e9der aux services en ligne et formulaire de \u00ab\u00a0Mon Service Public\u00a0\u00bb<\/p>\n\n\n\n<ul><li><a href=\"https:\/\/www.service-public.fr\/particuliers\/vosdroits\/F1444\">Demande d&rsquo;acte d&rsquo;\u00e9tat civil : d\u00e9c\u00e8s survenu en France [T\u00e9l\u00e9service]<\/a>\u00a0<\/li><\/ul>\n\n\n\n<p><strong>Le service \u00e9tat-civil vous accueille :<\/strong><\/p>\n\n\n\n<p>Du Lundi au Vendredi de 9h00 &#8211; 12h00 <\/p>\n\n\n\n<p><\/p>\n","protected":false},"excerpt":{"rendered":"<p>Acc\u00e9der aux services en ligne et formulaire de \u00ab\u00a0Mon Service Public\u00a0\u00bb Demande d&rsquo;acte d&rsquo;\u00e9tat civil : d\u00e9c\u00e8s survenu en France [T\u00e9l\u00e9service]\u00a0 Le service \u00e9tat-civil vous accueille : Du Lundi au [&hellip;]<\/p>\n","protected":false},"author":1,"featured_media":0,"parent":0,"menu_order":0,"comment_status":"closed","ping_status":"closed","template":"","meta":[],"_links":{"self":[{"href":"https:\/\/www.sepmeries.fr\/index.php\/wp-json\/wp\/v2\/pages\/131"}],"collection":[{"href":"https:\/\/www.sepmeries.fr\/index.php\/wp-json\/wp\/v2\/pages"}],"about":[{"href":"https:\/\/www.sepmeries.fr\/index.php\/wp-json\/wp\/v2\/types\/page"}],"author":[{"embeddable":true,"href":"https:\/\/www.sepmeries.fr\/index.php\/wp-json\/wp\/v2\/users\/1"}],"replies":[{"embeddable":true,"href":"https:\/\/www.sepmeries.fr\/index.php\/wp-json\/wp\/v2\/comments?post=131"}],"version-history":[{"count":4,"href":"https:\/\/www.sepmeries.fr\/index.php\/wp-json\/wp\/v2\/pages\/131\/revisions"}],"predecessor-version":[{"id":3079,"href":"https:\/\/www.sepmeries.fr\/index.php\/wp-json\/wp\/v2\/pages\/131\/revisions\/3079"}],"wp:attachment":[{"href":"https:\/\/www.sepmeries.fr\/index.php\/wp-json\/wp\/v2\/media?parent=131"}],"curies":[{"name":"wp","href":"https:\/\/api.w.org\/{rel}","templated":true}]}}