{"id":129,"date":"2020-08-24T22:04:38","date_gmt":"2020-08-24T20:04:38","guid":{"rendered":"https:\/\/wdp.sepmeries.fr\/?page_id=129"},"modified":"2023-01-28T09:09:50","modified_gmt":"2023-01-28T08:09:50","slug":"pacs","status":"publish","type":"page","link":"https:\/\/www.sepmeries.fr\/index.php\/pacs\/","title":{"rendered":"PACS"},"content":{"rendered":"\n<p><strong>Le pacte civil de solidarit\u00e9 (PACS) est un contrat conclu entre deux personnes physiques, majeures. Elles s\u2019engagent \u00e0 une vie commune ainsi qu&rsquo;\u00e0 une aide mat\u00e9rielle et une assistance r\u00e9ciproque.<\/strong><\/p>\n\n\n\n<p>Depuis le 2 novembre 2017, les PACS sont enregistr\u00e9s gratuitement en mairie.<\/p>\n\n\n\n<h6>Conditions requises<\/h6>\n\n\n\n<ul><li>Avoir 18 ans r\u00e9volus.<\/li><li>Ne pas \u00eatre d\u00e9j\u00e0 engag\u00e9 dans un PACS ou un mariage en cours.<\/li><\/ul>\n\n\n\n<p>L\u2019enregistrement de la convention de PACS se fait dans la commune o\u00f9 le couple fixe sa r\u00e9sidence commune.<\/p>\n\n\n\n<p>Les int\u00e9ress\u00e9s n&rsquo;ont pas besoin de r\u00e9sider d\u00e9j\u00e0 ensemble au moment de la d\u00e9claration de PACS. En revanche,&nbsp;ils doivent d\u00e9clarer \u00e0 l\u2019officier de l\u2019\u00e9tat civil l\u2019adresse qui sera la leur d\u00e8s l\u2019enregistrement du pacte.<\/p>\n\n\n\n<h6>Pi\u00e8ces \u00e0 fournir<\/h6>\n\n\n\n<ul><li><a rel=\"noreferrer noopener\" href=\"https:\/\/www.service-public.fr\/particuliers\/vosdroits\/R48755\" target=\"_blank\">Convention-type de PACS.\u00a0<\/a><br>Il s\u2019agit d\u2019un mod\u00e8le CERFA mais les partenaires sont libres de r\u00e9diger leur propre convention.<\/li><li><a href=\"https:\/\/www.service-public.fr\/particuliers\/vosdroits\/R48756\" target=\"_blank\" rel=\"noreferrer noopener\">D\u00e9claration conjointe d\u2019enregistrement de PACS.<\/a><\/li><li>Acte de naissance de &#8211; 3 mois (<a href=\"https:\/\/www.service-public.fr\/particuliers\/vosdroits\/R1406\">obtenir son acte en ligne<\/a>)<\/li><li>Pi\u00e8ce d\u2019identit\u00e9 en cours de validit\u00e9<\/li><\/ul>\n\n\n\n<h6>D\u00e9marche<\/h6>\n\n\n\n<ul><li>Prendre rendez-vous en contactant l&rsquo;accueil de la mairie<\/li><li>R\u00e9unir les pi\u00e8ces justificatives n\u00e9cessaires<\/li><li>Se rendre au rendez-vous fix\u00e9. Les deux partenaires doivent obligatoirement \u00eatre pr\u00e9sents.<\/li><\/ul>\n","protected":false},"excerpt":{"rendered":"<p>Le pacte civil de solidarit\u00e9 (PACS) est un contrat conclu entre deux personnes physiques, majeures. Elles s\u2019engagent \u00e0 une vie commune ainsi qu&rsquo;\u00e0 une aide mat\u00e9rielle et une assistance r\u00e9ciproque. [&hellip;]<\/p>\n","protected":false},"author":1,"featured_media":0,"parent":0,"menu_order":0,"comment_status":"closed","ping_status":"closed","template":"","meta":[],"_links":{"self":[{"href":"https:\/\/www.sepmeries.fr\/index.php\/wp-json\/wp\/v2\/pages\/129"}],"collection":[{"href":"https:\/\/www.sepmeries.fr\/index.php\/wp-json\/wp\/v2\/pages"}],"about":[{"href":"https:\/\/www.sepmeries.fr\/index.php\/wp-json\/wp\/v2\/types\/page"}],"author":[{"embeddable":true,"href":"https:\/\/www.sepmeries.fr\/index.php\/wp-json\/wp\/v2\/users\/1"}],"replies":[{"embeddable":true,"href":"https:\/\/www.sepmeries.fr\/index.php\/wp-json\/wp\/v2\/comments?post=129"}],"version-history":[{"count":5,"href":"https:\/\/www.sepmeries.fr\/index.php\/wp-json\/wp\/v2\/pages\/129\/revisions"}],"predecessor-version":[{"id":3078,"href":"https:\/\/www.sepmeries.fr\/index.php\/wp-json\/wp\/v2\/pages\/129\/revisions\/3078"}],"wp:attachment":[{"href":"https:\/\/www.sepmeries.fr\/index.php\/wp-json\/wp\/v2\/media?parent=129"}],"curies":[{"name":"wp","href":"https:\/\/api.w.org\/{rel}","templated":true}]}}