{"id":127,"date":"2020-08-24T22:04:29","date_gmt":"2020-08-24T20:04:29","guid":{"rendered":"https:\/\/wdp.sepmeries.fr\/?page_id=127"},"modified":"2020-09-16T00:21:47","modified_gmt":"2020-09-15T22:21:47","slug":"acte-de-mariage","status":"publish","type":"page","link":"https:\/\/www.sepmeries.fr\/index.php\/acte-de-mariage\/","title":{"rendered":"Acte de Mariage"},"content":{"rendered":"\n<p>Acc\u00e9der aux services en ligne et formulaire de \u00ab\u00a0Mon Service Public\u00a0\u00bb<\/p>\n\n\n\n<ul><li><a href=\"https:\/\/mdel.mon.service-public.fr\/acte-etat-civil.html\" target=\"_blank\" rel=\"noreferrer noopener\">Demande d&rsquo;acte d&rsquo;\u00e9tat civil : mariage  [T\u00e9l\u00e9service]<\/a>\u00a0<\/li><\/ul>\n\n\n\n<p><strong>Le service \u00e9tat-civil vous accueille :<\/strong><\/p>\n\n\n\n<p>Du Lundi au Vendredi de 9h00 &#8211; 12h00 <\/p>\n\n\n\n<p><\/p>\n","protected":false},"excerpt":{"rendered":"<p>Acc\u00e9der aux services en ligne et formulaire de \u00ab\u00a0Mon Service Public\u00a0\u00bb Demande d&rsquo;acte d&rsquo;\u00e9tat civil : mariage [T\u00e9l\u00e9service]\u00a0 Le service \u00e9tat-civil vous accueille : Du Lundi au Vendredi de 9h00 [&hellip;]<\/p>\n","protected":false},"author":1,"featured_media":0,"parent":0,"menu_order":0,"comment_status":"closed","ping_status":"closed","template":"","meta":[],"_links":{"self":[{"href":"https:\/\/www.sepmeries.fr\/index.php\/wp-json\/wp\/v2\/pages\/127"}],"collection":[{"href":"https:\/\/www.sepmeries.fr\/index.php\/wp-json\/wp\/v2\/pages"}],"about":[{"href":"https:\/\/www.sepmeries.fr\/index.php\/wp-json\/wp\/v2\/types\/page"}],"author":[{"embeddable":true,"href":"https:\/\/www.sepmeries.fr\/index.php\/wp-json\/wp\/v2\/users\/1"}],"replies":[{"embeddable":true,"href":"https:\/\/www.sepmeries.fr\/index.php\/wp-json\/wp\/v2\/comments?post=127"}],"version-history":[{"count":2,"href":"https:\/\/www.sepmeries.fr\/index.php\/wp-json\/wp\/v2\/pages\/127\/revisions"}],"predecessor-version":[{"id":323,"href":"https:\/\/www.sepmeries.fr\/index.php\/wp-json\/wp\/v2\/pages\/127\/revisions\/323"}],"wp:attachment":[{"href":"https:\/\/www.sepmeries.fr\/index.php\/wp-json\/wp\/v2\/media?parent=127"}],"curies":[{"name":"wp","href":"https:\/\/api.w.org\/{rel}","templated":true}]}}