{"id":113,"date":"2020-08-20T21:37:43","date_gmt":"2020-08-20T19:37:43","guid":{"rendered":"https:\/\/wdp.sepmeries.fr\/?page_id=113"},"modified":"2021-01-25T20:46:21","modified_gmt":"2021-01-25T19:46:21","slug":"la-commune","status":"publish","type":"page","link":"https:\/\/www.sepmeries.fr\/index.php\/la-commune\/","title":{"rendered":"La Commune"},"content":{"rendered":"\n<p><\/p>\n\n\n\n<p class=\"has-drop-cap has-text-align-left has-medium-font-size\" style=\"text-align: justify;\">S<span style=\"font-size: 12pt;\">epmeries est un village du Parc Naturel R\u00e9gional de l\u2019Avesnois, situ\u00e9 en bordure de l\u2019arrondissement d\u2019Avesnes-sur-Helpe dont il d\u00e9pend.<\/span><\/p>\n\n\n\n<p class=\"has-text-align-left has-medium-font-size\" style=\"text-align: justify;\"><span style=\"font-size: 12pt;\">Travers\u00e9 par plusieurs petits cours d\u2019eau (l\u2019\u00e9tymologie du nom de notre commune viendrait de Septem rio, sept ruisseaux), Sepmeries avait jusqu\u2019\u00e0 la fin du vingti\u00e8me si\u00e8cle une structure essentiellement agricole, avec de nombreuses petites fermes pratiquant la polyculture et l\u2019\u00e9levage.<\/span><\/p>\n\n\n\n<p class=\"has-text-align-left has-medium-font-size\" style=\"text-align: justify;\"><span style=\"font-size: 12pt;\">L\u2019origine de notre village est connue \u00e0 partir du XII \u00e8me si\u00e8cle. L\u2019existence d\u2019un ch\u00e2teau (\u00e0 l\u2019emplacement de l\u2019actuelle Brasserie d\u2019antan),\u00e0 cot\u00e9 de l\u2019\u00e9glise) a \u00e9t\u00e9 authentifi\u00e9e par la d\u00e9couverte de ruines lors des fouilles pr\u00e9c\u00e9dant la cr\u00e9ation du domaine des Sept Riots.<\/span><\/p>\n\n\n\n<p class=\"has-text-align-left has-medium-font-size\" style=\"text-align: justify;\"><span style=\"font-size: 12pt;\">Les recherches historiques font mention d\u2019une lign\u00e9e de chevaliers, l\u2019un d\u2019entre eux \u00e9tant un crois\u00e9 en Terre Sainte. La \u201cGrande Guerre\u201d de 14-18 a fait d\u2019importants d\u00e9g\u00e2ts, n\u00e9cessitant notamment une r\u00e9fection de l\u2019\u00e9glise dont la premi\u00e8re pierre avait \u00e9t\u00e9 pos\u00e9e en septembre 1874, sur les ruines d\u2019une autre \u00e9glise devenue irr\u00e9parable.<\/span><\/p>\n\n\n\n<p class=\"has-text-align-left has-medium-font-size\" style=\"text-align: justify;\"><span style=\"font-size: 12pt;\">Actuellement Sepmeries est un village qui se situe \u00e0 10 km de Valenciennes (commerces, universit\u00e9, industries du transport terrestre, secteur tertiaire num\u00e9rique,&#8230;) \u00e0 l\u2019attrait culturel fort, et \u00e0 7 km de Le Quesnoy : ancienne ville fortifi\u00e9e par Vauban (2\u00e8me ville fortifi\u00e9e de France), avec des remparts pr\u00e9serv\u00e9s, des activit\u00e9s de loisirs et des commerces (nombreux commerces en centre ville et centre commercial).<\/span><\/p>\n\n\n\n<p class=\"has-text-align-left has-medium-font-size\" style=\"text-align: justify;\"><span style=\"font-size: 12pt;\">Le cadre rural de Sepmeries a \u00e9t\u00e9 volontairement pr\u00e9serv\u00e9 et fait l\u2019objet d\u2019une mise en valeur progressive afin d\u2019apporter calme et s\u00e9r\u00e9nit\u00e9 aux Sepmeriens.<\/span><\/p>\n\n\n\n<p class=\"has-text-align-left has-medium-font-size\" style=\"text-align: justify;\"><span style=\"font-size: 12pt;\">Toutes les g\u00e9n\u00e9rations des nouveaux habitants et des anciens trouvent ici un cadre id\u00e9al o\u00f9 se conjuguent terroir et modernit\u00e9. Chacun participe \u00e0 sa mesure aux activit\u00e9s propos\u00e9es par la vie associative afin que vivre \u00e0 Sepmeries soit bien plus enchanteur que d\u2019habiter dans un village-dortoir.<\/span><\/p>\n\n\n\n<p><\/p>\n","protected":false},"excerpt":{"rendered":"<p>Sepmeries est un village du Parc Naturel R\u00e9gional de l\u2019Avesnois, situ\u00e9 en bordure de l\u2019arrondissement d\u2019Avesnes-sur-Helpe dont il d\u00e9pend. Travers\u00e9 par plusieurs petits cours d\u2019eau (l\u2019\u00e9tymologie du nom de notre [&hellip;]<\/p>\n","protected":false},"author":1,"featured_media":0,"parent":0,"menu_order":0,"comment_status":"closed","ping_status":"closed","template":"","meta":[],"_links":{"self":[{"href":"https:\/\/www.sepmeries.fr\/index.php\/wp-json\/wp\/v2\/pages\/113"}],"collection":[{"href":"https:\/\/www.sepmeries.fr\/index.php\/wp-json\/wp\/v2\/pages"}],"about":[{"href":"https:\/\/www.sepmeries.fr\/index.php\/wp-json\/wp\/v2\/types\/page"}],"author":[{"embeddable":true,"href":"https:\/\/www.sepmeries.fr\/index.php\/wp-json\/wp\/v2\/users\/1"}],"replies":[{"embeddable":true,"href":"https:\/\/www.sepmeries.fr\/index.php\/wp-json\/wp\/v2\/comments?post=113"}],"version-history":[{"count":15,"href":"https:\/\/www.sepmeries.fr\/index.php\/wp-json\/wp\/v2\/pages\/113\/revisions"}],"predecessor-version":[{"id":1098,"href":"https:\/\/www.sepmeries.fr\/index.php\/wp-json\/wp\/v2\/pages\/113\/revisions\/1098"}],"wp:attachment":[{"href":"https:\/\/www.sepmeries.fr\/index.php\/wp-json\/wp\/v2\/media?parent=113"}],"curies":[{"name":"wp","href":"https:\/\/api.w.org\/{rel}","templated":true}]}}